{"id":14,"date":"2010-09-25T12:33:47","date_gmt":"2010-09-25T12:33:47","guid":{"rendered":"http:\/\/www.chapelle-montligeon.fr\/?page_id=14"},"modified":"2016-11-24T09:13:31","modified_gmt":"2016-11-24T09:13:31","slug":"patrimoine","status":"publish","type":"page","link":"https:\/\/www.chapelle-montligeon.fr\/?page_id=14","title":{"rendered":"Patrimoine"},"content":{"rendered":"<h2 style=\"text-align: center;\"><strong>\u00ab Une cath\u00e9drale dans les champs \u00bb<\/strong><\/h2>\n<p style=\"text-align: justify;\">De tr\u00e8s loin les hautes fl\u00e8ches du plus grand \u00e9difice religieux du Perche se d\u00e9tachent sur les vertes frondaisons de la for\u00eat de R\u00e9no et \u00e9veillent la curiosit\u00e9.<\/p>\n<p style=\"text-align: justify;\">Cet \u00e9difice n\u00e9o-gothique, construit entre 1894 et 1911, consacr\u00e9 et \u00e9lev\u00e9 au rang de Basilique mineure en 1928, fut l\u2019\u0153uvre d\u2019un cur\u00e9 de campagne, l\u2019abb\u00e9 Paul BUGUET. Ce dernier arrive en 1878, \u00e0 La Chapelle-Montligeon, sa nouvelle paroisse, peupl\u00e9e alors de b\u00fbcherons, de journaliers, voire de quelques commer\u00e7ants et artisans. Mais les dures conditions de vie poussent les villageois \u00e0 d\u00e9serter le pays. L\u2019abb\u00e9 BUGUET, soucieux de garder ses paroissiens sur place et de leur fournir du travail, fonde en 1884 \u00ab l\u2019\u0152uvre expiatoire \u00bb, dont le but \u00e9tait de lib\u00e9rer les \u00e2mes du Purgatoire, en aidant les vivants.<br \/>\nA cet effet, il cr\u00e9e un \u00ab bulletin \u00bb, pensant que le travail de l\u2019impression serait une source d\u2019activit\u00e9 et de revenu pour les villageois. C\u2019est ainsi, que naquit la premi\u00e8re \u00e9bauche de l\u2019imprimerie ultra-moderne d\u2019aujourd\u2019hui.<br \/>\nAfin de parachever son \u0153uvre, l\u2019abb\u00e9 BUGUET d\u00e9cide la construction d\u2019une \u00ab \u00e9glise des \u00e2mes d\u00e9laiss\u00e9es \u00bb ; c\u2019est la Basilique actuelle, vaste \u00e9difice n\u00e9o-gothique, b\u00e2ti selon un plan traditionnel en croix latine. L\u2019escalier d\u2019acc\u00e8s, tr\u00e8s monumental, permet une belle vue sur la campagne percheronne, qui \u00e9taie ses bouquets d\u2019arbres et ses cama\u00efeux de vert.<\/p>\n<p style=\"text-align: justify;\"><strong>La Basilique<\/strong> ( <a href=\"http:\/\/www.sanctuaire-montligeon.com\" target=\"_blank\">www.sanctuaire-montligeon.com<\/a> )<br \/>\nD\u00e8s l\u2019entr\u00e9e, le visiteur est frapp\u00e9 par les belles proportions architecturales de la nef, ainsi que par la magie des couleurs qui \u00e9manent des vitraux et des mosa\u00efques. Vitraux et mosa\u00efques sont dus, en grande partie, au ma\u00eetre verrier BARILLET, avec une v\u00e9ritable recherche symbolique des couleurs :<br \/>\n&#8211; la verri\u00e8re du transept sud, dans les tons rouge, or et orang\u00e9, est une illustration de \u00ab l\u2019Apocalypse \u00bb et du<br \/>\n\u00ab Jugement dernier \u00bb;<br \/>\n&#8211; la verri\u00e8re du transept nord, dans les tons vert, violet et or, est dite \u00ab verri\u00e8re de la R\u00e9demption \u00bb, avec \u00e0 droite du Christ (Sign\u00e9 BARILLET, le Chevalier et Hansen);<br \/>\n&#8211; les vitraux de la nef, de style classique, repr\u00e9sentent la vie des saints ; ceux de l\u2019\u00e9tage sup\u00e9rieur, d\u2019une facture beaucoup plus moderne, \u00e9voquent la vie des proph\u00e8tes et des ap\u00f4tres.<\/p>\n<p style=\"text-align: justify;\">Au centre du ch\u0153ur, le ma\u00eetre-autel, en marbre blanc de Carrare, est domin\u00e9 par la statue de Notre-Dame. La Vierge, tenant l\u2019Enfant J\u00e9sus dans ses bras, se penche vers deux femmes repr\u00e9sentant les \u00e2mes. Les diad\u00e8mes sont dus \u00e0 la g\u00e9n\u00e9rosit\u00e9 de nombreux donateurs, qui offrirent bijoux, pierres pr\u00e9cieuses et colliers pour les r\u00e9aliser. Par s\u00e9curit\u00e9, il s\u2019agit, ici, de simples r\u00e9pliques.<\/p>\n<p style=\"text-align: justify;\"><strong>Le Village<\/strong><br \/>\nAu centre de la place de l\u2019\u00e9glise, on peut admirer une fontaine en gr\u00e8s. L\u2019\u00e9glise Saint-Pierre paroissiale est une \u00e9glise percheronne, typique, avec ses deux nefs vo\u00fbt\u00e9es de bois. A l\u2019int\u00e9rieur, le ma\u00eetre-autel (fin du XVIIIe si\u00e8cle), en bois, porte un tabernacle au p\u00e9lican, symbole de l\u2019Eucharistie ; dans les niches lat\u00e9rales, Saint Julien et Saint Roch. Les fonts baptismaux sont du XVe si\u00e8cle. Au mur, un Christ du XVIIIe. Un vitrail du XVIe\u00a0 si\u00e8cle, restaur\u00e9 par Louis BARILLET, ma\u00eetre verrier, surplombe la petite porte d\u2019entr\u00e9e, avec en repr\u00e9sentation la Vierge des douleurs et le donateur.<\/p>\n<p style=\"text-align: justify;\"><strong>Le Mont Ligeon<\/strong><br \/>\nL\u2019imposante butte du Mont Ligeon, qui culmine \u00e0 223 m\u00e8tres, domine la vall\u00e9e de l\u2019Huisne. Son nom \u00ab mons legionum \u00bb signifiant \u00bb mont des l\u00e9gions \u00bb qui provient de l\u2019\u00e9poque romaine ou gallo-romaine.<\/p>\n<p style=\"text-align: justify;\">La Chapelle-Montligeon, situ\u00e9e \u00e0 la lisi\u00e8re de la for\u00eat, est un merveilleux point de d\u00e9part de randonn\u00e9es \u00e0 pieds, \u00e0 v\u00e9lo, \u00e0 cheval\u2026<\/p>\n<p style=\"text-align: justify;\">Pour tout renseignement<br \/>\nappeler le Syndicat d\u2019Initiative de La Chapelle-Montligeon<br \/>\nau 02.33.83.80.20<\/p>\n","protected":false},"excerpt":{"rendered":"<p>\u00ab Une cath\u00e9drale dans les champs \u00bb De tr\u00e8s loin les hautes fl\u00e8ches du plus grand \u00e9difice religieux du Perche se d\u00e9tachent sur les vertes frondaisons de la for\u00eat de R\u00e9no et \u00e9veillent la curiosit\u00e9. Cet \u00e9difice n\u00e9o-gothique, construit entre 1894 et 1911, consacr\u00e9 et \u00e9lev\u00e9 au rang de Basilique mineure en 1928, fut l\u2019\u0153uvre &hellip; <\/p>\n<p><a class=\"more-link btn\" href=\"https:\/\/www.chapelle-montligeon.fr\/?page_id=14\">Lire la suite<\/a><\/p>\n","protected":false},"author":1,"featured_media":0,"parent":344,"menu_order":300,"comment_status":"closed","ping_status":"closed","template":"","meta":{"footnotes":""},"class_list":["post-14","page","type-page","status-publish","hentry","nodate","item-wrap"],"_links":{"self":[{"href":"https:\/\/www.chapelle-montligeon.fr\/index.php?rest_route=\/wp\/v2\/pages\/14","targetHints":{"allow":["GET"]}}],"collection":[{"href":"https:\/\/www.chapelle-montligeon.fr\/index.php?rest_route=\/wp\/v2\/pages"}],"about":[{"href":"https:\/\/www.chapelle-montligeon.fr\/index.php?rest_route=\/wp\/v2\/types\/page"}],"author":[{"embeddable":true,"href":"https:\/\/www.chapelle-montligeon.fr\/index.php?rest_route=\/wp\/v2\/users\/1"}],"replies":[{"embeddable":true,"href":"https:\/\/www.chapelle-montligeon.fr\/index.php?rest_route=%2Fwp%2Fv2%2Fcomments&post=14"}],"version-history":[{"count":7,"href":"https:\/\/www.chapelle-montligeon.fr\/index.php?rest_route=\/wp\/v2\/pages\/14\/revisions"}],"predecessor-version":[{"id":210,"href":"https:\/\/www.chapelle-montligeon.fr\/index.php?rest_route=\/wp\/v2\/pages\/14\/revisions\/210"}],"up":[{"embeddable":true,"href":"https:\/\/www.chapelle-montligeon.fr\/index.php?rest_route=\/wp\/v2\/pages\/344"}],"wp:attachment":[{"href":"https:\/\/www.chapelle-montligeon.fr\/index.php?rest_route=%2Fwp%2Fv2%2Fmedia&parent=14"}],"curies":[{"name":"wp","href":"https:\/\/api.w.org\/{rel}","templated":true}]}}