{"id":148,"date":"2010-10-05T07:11:01","date_gmt":"2010-10-05T07:11:01","guid":{"rendered":"http:\/\/www.chapelle-montligeon.fr\/?page_id=148"},"modified":"2018-09-12T08:01:36","modified_gmt":"2018-09-12T08:01:36","slug":"circuit-cyclotouristique","status":"publish","type":"page","link":"https:\/\/www.chapelle-montligeon.fr\/?page_id=148","title":{"rendered":"Circuits V\u00e9lo Tout Terrain"},"content":{"rendered":"<h3><span style=\"color: #3366ff;\"><strong><span style=\"text-decoration: underline;\"><a href=\"https:\/\/www.chapelle-montligeon.fr\/?attachment_id=149\" rel=\"attachment wp-att-149\"><img loading=\"lazy\" decoding=\"async\" class=\"alignleft size-medium wp-image-149\" title=\"CIRCUITS VTT_image002\" src=\"https:\/\/www.chapelle-montligeon.fr\/wp-content\/uploads\/2010\/10\/CIRCUITS-VTT_image002-146x300.jpg\" alt=\"\" width=\"351\" height=\"598\" \/><\/a>4 CIRCUITS V.T.T.<\/span><\/strong><\/span><\/h3>\n<p><strong>en<\/strong><strong> for\u00eat domaniale <\/strong><\/p>\n<p><strong>de<\/strong><strong> R\u00e9no-Vladieu<\/strong><\/p>\n<p>&nbsp;<\/p>\n<p><strong><em>La chute de Beillard<\/em><\/strong><\/p>\n<p>Circuit de 9 km<\/p>\n<p>Court, ce circuit se pr\u00eate bien \u00e0 la d\u00e9couverte du v\u00e9lo tout terrain. Le barrage de Beillard pourra \u00eatre l\u2019occasion<\/p>\n<p>d\u2019une halte rafra\u00eechissante.<\/p>\n<p>&nbsp;<\/p>\n<p><strong><em>Le Mont Ligeon<\/em><\/strong><\/p>\n<p>Circuit de 16 km<\/p>\n<p>Ponctu\u00e9 de quelques d\u00e9clivit\u00e9s, ce parcours est id\u00e9al<\/p>\n<p>pour tester vos capacit\u00e9s physiques<\/p>\n<p>sur une distance raisonnable.<\/p>\n<p>&nbsp;<\/p>\n<p><strong><em>Les vieux arbres de la Gautrie<\/em><\/strong><\/p>\n<p>Circuit de 22 km<\/p>\n<p>Technique, cet itin\u00e9raire s\u2019adresse \u00e0 un public initi\u00e9.<\/p>\n<p>La for\u00eat de R\u00e9no-Valdieu montrera ses plus beaux atours<\/p>\n<p>\u00e0 ceux qui l\u2019auront m\u00e9rit\u00e9\u00a0!<\/p>\n<p><strong><em>La vall\u00e9e de la Commeauche<\/em><\/strong><\/p>\n<p>Circuit de 32 km<\/p>\n<p>Randonn\u00e9e sportive pour v\u00e9t\u00e9tistes confirm\u00e9s.<\/p>\n<p>Les d\u00e9clivit\u00e9s seront vite oubli\u00e9es devant la beaut\u00e9<\/p>\n<p style=\"text-align: left;\">d\u2019un parcours \u00e0 haute valeur paysag\u00e8re<\/p>\n<p style=\"text-align: center;\"><span style=\"color: #0000ff;\">________________________________________________________________________<\/span><\/p>\n<p style=\"text-align: center;\"><strong>Pour obtenir ce d\u00e9pliant <\/strong><\/p>\n<p style=\"text-align: center;\"><strong>appeler<\/strong><strong> le Syndicat d\u2019initiative <\/strong><\/p>\n<p style=\"text-align: center;\"><strong>de<\/strong><strong> La Chapelle-Montligeon, <\/strong><\/p>\n<p style=\"text-align: center;\"><strong>au<\/strong><strong> <em>02.33.83.80.20.<\/em><\/strong><\/p>\n<p style=\"text-align: center;\"><em>Pour la location de V.T.T. <\/em><\/p>\n<p style=\"text-align: center;\"><em>appeler<\/em><em> le 02.33.83.81.19 <\/em><\/p>\n","protected":false},"excerpt":{"rendered":"<p>4 CIRCUITS V.T.T. en for\u00eat domaniale de R\u00e9no-Vladieu &nbsp; La chute de Beillard Circuit de 9 km Court, ce circuit se pr\u00eate bien \u00e0 la d\u00e9couverte du v\u00e9lo tout terrain. Le barrage de Beillard pourra \u00eatre l\u2019occasion d\u2019une halte rafra\u00eechissante. &nbsp; Le Mont Ligeon Circuit de 16 km Ponctu\u00e9 de quelques d\u00e9clivit\u00e9s, ce parcours est &hellip; <\/p>\n<p><a class=\"more-link btn\" href=\"https:\/\/www.chapelle-montligeon.fr\/?page_id=148\">Lire la suite<\/a><\/p>\n","protected":false},"author":2,"featured_media":0,"parent":349,"menu_order":30,"comment_status":"closed","ping_status":"closed","template":"","meta":{"footnotes":""},"class_list":["post-148","page","type-page","status-publish","hentry","nodate","item-wrap"],"_links":{"self":[{"href":"https:\/\/www.chapelle-montligeon.fr\/index.php?rest_route=\/wp\/v2\/pages\/148","targetHints":{"allow":["GET"]}}],"collection":[{"href":"https:\/\/www.chapelle-montligeon.fr\/index.php?rest_route=\/wp\/v2\/pages"}],"about":[{"href":"https:\/\/www.chapelle-montligeon.fr\/index.php?rest_route=\/wp\/v2\/types\/page"}],"author":[{"embeddable":true,"href":"https:\/\/www.chapelle-montligeon.fr\/index.php?rest_route=\/wp\/v2\/users\/2"}],"replies":[{"embeddable":true,"href":"https:\/\/www.chapelle-montligeon.fr\/index.php?rest_route=%2Fwp%2Fv2%2Fcomments&post=148"}],"version-history":[{"count":12,"href":"https:\/\/www.chapelle-montligeon.fr\/index.php?rest_route=\/wp\/v2\/pages\/148\/revisions"}],"predecessor-version":[{"id":1733,"href":"https:\/\/www.chapelle-montligeon.fr\/index.php?rest_route=\/wp\/v2\/pages\/148\/revisions\/1733"}],"up":[{"embeddable":true,"href":"https:\/\/www.chapelle-montligeon.fr\/index.php?rest_route=\/wp\/v2\/pages\/349"}],"wp:attachment":[{"href":"https:\/\/www.chapelle-montligeon.fr\/index.php?rest_route=%2Fwp%2Fv2%2Fmedia&parent=148"}],"curies":[{"name":"wp","href":"https:\/\/api.w.org\/{rel}","templated":true}]}}