{"id":22,"date":"2010-09-25T12:34:59","date_gmt":"2010-09-25T12:34:59","guid":{"rendered":"http:\/\/www.chapelle-montligeon.fr\/?page_id=22"},"modified":"2025-12-11T08:47:08","modified_gmt":"2025-12-11T07:47:08","slug":"acces","status":"publish","type":"page","link":"https:\/\/www.chapelle-montligeon.fr\/?page_id=22","title":{"rendered":"Contact"},"content":{"rendered":"<h5><\/h5>\n<h5><strong><img loading=\"lazy\" decoding=\"async\" class=\"alignleft size-medium wp-image-368\" src=\"https:\/\/www.chapelle-montligeon.fr\/wp-content\/uploads\/La_Chapelle-Montligeon_61_Mairie-300x223.jpg\" alt=\"\" width=\"300\" height=\"223\" srcset=\"https:\/\/www.chapelle-montligeon.fr\/wp-content\/uploads\/La_Chapelle-Montligeon_61_Mairie-300x223.jpg 300w, https:\/\/www.chapelle-montligeon.fr\/wp-content\/uploads\/La_Chapelle-Montligeon_61_Mairie-768x572.jpg 768w, https:\/\/www.chapelle-montligeon.fr\/wp-content\/uploads\/La_Chapelle-Montligeon_61_Mairie-600x447.jpg 600w, https:\/\/www.chapelle-montligeon.fr\/wp-content\/uploads\/La_Chapelle-Montligeon_61_Mairie.jpg 786w\" sizes=\"auto, (max-width: 300px) 100vw, 300px\" \/><\/strong><\/h5>\n<h5><\/h5>\n<h5><strong>La mairie est ouverte<\/strong> et la secr\u00e9taire g\u00e9n\u00e9rale de mairie vous accueille<strong> :<\/strong><\/h5>\n<h5>le<strong>\u00a0Lundi de 13h30 \u00e0 17h,<br \/>\n<\/strong><strong>les Mardi, Jeudi et Vendredi<\/strong>\u00a0de <strong>8h30<\/strong> \u00e0 <strong>12h30<\/strong>, et de <strong>13h30<\/strong> \u00e0 <strong>17h<\/strong>,<br \/>\net le <strong>Mercredi <\/strong>de <strong>8h <\/strong>\u00e0 <strong>13h.<\/strong><\/h5>\n<h5><em>(Sous r\u00e9serve de modification, contacter la mairie pour vous assurer d\u2019une pr\u00e9sence)<\/em><\/h5>\n<p>&nbsp;<\/p>\n<p>&nbsp;<\/p>\n<p><span style=\"color: #ff0000;\">\u00a0<\/span><\/p>\n<p>&nbsp;<\/p>\n<p>&nbsp;<\/p>\n<h2><strong>\u00a0<\/strong><\/h2>\n<p>&nbsp;<\/p>\n<hr \/>\n<h5><\/h5>\n<h5><\/h5>\n<h5>Si vous souhaitez contacter <strong>Monsieur Patrick PASQUIER<\/strong>,\u00a0<em>Maire <\/em>de La Chapelle-Montligeon<\/h5>\n<h5>merci de prendre\u00a0rendez-vous \u00e0 la mairie<br \/>\nau 02.33.83.80.20<\/h5>\n<p>Mail : mairie@chapelle-montligeon.fr<\/p>\n<hr \/>\n<h5><span style=\"color: #333399;\"><em>Itin\u00e9raires conseill\u00e9s<\/em><\/span><\/h5>\n<h5><strong>Par la route :\u00a0 www.iti.fr<\/strong><br \/>\n* Paris par RN 12, Dreux et Verneuil. A Tourouvre, prendre CD\u00a0 par Feings.<br \/>\n* Par Chartres, quitter A 11 au p\u00e9age de Chartres, puis prendre Nogent-le-Rotrou,<br \/>\nCond\u00e9-sur-Huisne et La Chapelle-Montligeon.<\/h5>\n<h5><strong>Par le train :\u00a0 www.voyages-sncf.com<\/strong><br \/>\nLigne Paris Montparnasse &#8211; Le Mans.<br \/>\nDescendre \u00e0 Cond\u00e9-sur-Huisne ou Nogent-le-Rotrou.<br \/>\nService de cars devant la gare.<br \/>\n+ carte perche et plan<\/h5>\n<p><iframe loading=\"lazy\" src=\"https:\/\/www.google.com\/maps\/embed?pb=!1m18!1m12!1m3!1d677015.0425419852!2d0.09778839031206112!3d48.48357723852174!2m3!1f0!2f0!3f0!3m2!1i1024!2i768!4f13.1!3m3!1m2!1s0x47e2335d896f8a43%3A0x40c14484fb81ea0!2sLa+Chapelle-Montligeon!5e0!3m2!1sfr!2sfr!4v1454532794402\" width=\"540\" height=\"380\" frameborder=\"0\" allowfullscreen=\"allowfullscreen\"><\/iframe><\/p>\n<p>&nbsp;<\/p>\n","protected":false},"excerpt":{"rendered":"<p>La mairie est ouverte et la secr\u00e9taire g\u00e9n\u00e9rale de mairie vous accueille : le\u00a0Lundi de 13h30 \u00e0 17h, les Mardi, Jeudi et Vendredi\u00a0de 8h30 \u00e0 12h30, et de 13h30 \u00e0 17h, et le Mercredi de 8h \u00e0 13h. (Sous r\u00e9serve de modification, contacter la mairie pour vous assurer d\u2019une pr\u00e9sence) &nbsp; &nbsp; \u00a0 &nbsp; &nbsp; &hellip; <\/p>\n<p><a class=\"more-link btn\" href=\"https:\/\/www.chapelle-montligeon.fr\/?page_id=22\">Lire la suite<\/a><\/p>\n","protected":false},"author":2,"featured_media":0,"parent":0,"menu_order":900,"comment_status":"closed","ping_status":"closed","template":"","meta":{"footnotes":""},"class_list":["post-22","page","type-page","status-publish","hentry","nodate","item-wrap"],"_links":{"self":[{"href":"https:\/\/www.chapelle-montligeon.fr\/index.php?rest_route=\/wp\/v2\/pages\/22","targetHints":{"allow":["GET"]}}],"collection":[{"href":"https:\/\/www.chapelle-montligeon.fr\/index.php?rest_route=\/wp\/v2\/pages"}],"about":[{"href":"https:\/\/www.chapelle-montligeon.fr\/index.php?rest_route=\/wp\/v2\/types\/page"}],"author":[{"embeddable":true,"href":"https:\/\/www.chapelle-montligeon.fr\/index.php?rest_route=\/wp\/v2\/users\/2"}],"replies":[{"embeddable":true,"href":"https:\/\/www.chapelle-montligeon.fr\/index.php?rest_route=%2Fwp%2Fv2%2Fcomments&post=22"}],"version-history":[{"count":30,"href":"https:\/\/www.chapelle-montligeon.fr\/index.php?rest_route=\/wp\/v2\/pages\/22\/revisions"}],"predecessor-version":[{"id":3393,"href":"https:\/\/www.chapelle-montligeon.fr\/index.php?rest_route=\/wp\/v2\/pages\/22\/revisions\/3393"}],"wp:attachment":[{"href":"https:\/\/www.chapelle-montligeon.fr\/index.php?rest_route=%2Fwp%2Fv2%2Fmedia&parent=22"}],"curies":[{"name":"wp","href":"https:\/\/api.w.org\/{rel}","templated":true}]}}