{"id":2783,"date":"2022-07-07T10:27:44","date_gmt":"2022-07-07T10:27:44","guid":{"rendered":"http:\/\/www.chapelle-montligeon.fr\/?page_id=2783"},"modified":"2026-04-29T07:30:41","modified_gmt":"2026-04-29T06:30:41","slug":"arretes-municipaux","status":"publish","type":"page","link":"https:\/\/www.chapelle-montligeon.fr\/?page_id=2783","title":{"rendered":"Arr\u00eat\u00e9s municipaux"},"content":{"rendered":"<p><strong><span style=\"color: #0000ff;\">2026<\/span><\/strong><\/p>\n<p><a href=\"https:\/\/www.chapelle-montligeon.fr\/wp-content\/uploads\/07-Marche-aux-Fleurs-3-mai.pdf\">07 March\u00e9 aux Fleurs 3 mai<\/a><\/p>\n<p><a href=\"https:\/\/www.chapelle-montligeon.fr\/wp-content\/uploads\/06-Delegation-signature-Urbanisme_AR-pref.pdf\">06 D\u00e9l\u00e9gation signature Urbanisme_AR pref<\/a><\/p>\n<p><a href=\"https:\/\/www.chapelle-montligeon.fr\/wp-content\/uploads\/05-Delegation-2e-adjoint_AR-Pref.pdf\">05 D\u00e9l\u00e9gation 2e adjoint_AR Pref<\/a><\/p>\n<p><a href=\"https:\/\/www.chapelle-montligeon.fr\/wp-content\/uploads\/04-Delegation-1er-adjoint_AR-pref.pdf\">04 D\u00e9l\u00e9gation 1er adjoint_AR pref<\/a><\/p>\n<p><a href=\"https:\/\/www.chapelle-montligeon.fr\/wp-content\/uploads\/03-CITEOS_autorisation-permanente-circulation-stationnement.pdf\">03 CITEOS_autorisation permanente circulation-stationnement<\/a><\/p>\n<p><span style=\"color: #0000ff;\"><strong>2025<\/strong><\/span><\/p>\n<p><a href=\"https:\/\/www.chapelle-montligeon.fr\/wp-content\/uploads\/36-NB-Compagnie_rue-Principale.pdf\">36 NB Compagnie_rue Principale<\/a><\/p>\n<p><a href=\"https:\/\/www.chapelle-montligeon.fr\/wp-content\/uploads\/34-NB-Compagnie_Restriction-chaussee-Le-Heri.pdf\">34 NB Compagnie_Restriction chauss\u00e9e Le Heri<\/a><\/p>\n<p><a href=\"https:\/\/www.chapelle-montligeon.fr\/wp-content\/uploads\/33-SUEZ_La-Basse-Fouillerie-Route-barree.pdf\">33 SUEZ_La Basse Fouillerie-Route barr\u00e9e<\/a><\/p>\n<p><a href=\"https:\/\/www.chapelle-montligeon.fr\/wp-content\/uploads\/32-PGC76_-Alternat-circulation_La-Hugotiere.pdf\">32 PGC76_ Alternat circulation_La Hugoti\u00e8re<\/a><\/p>\n<p><a href=\"https:\/\/www.chapelle-montligeon.fr\/wp-content\/uploads\/31-PERMISSION-VOIRIE-ODP-ORANGE_Le-Heri.pdf\">31 PERMISSION VOIRIE ODP ORANGE_Le Heri<\/a><\/p>\n<p><a href=\"https:\/\/www.chapelle-montligeon.fr\/wp-content\/uploads\/30-Sanctuaire_Autorisation-stationnement.pdf\">30 Sanctuaire_Autorisation stationnement<\/a><\/p>\n<p><a href=\"https:\/\/www.chapelle-montligeon.fr\/wp-content\/uploads\/29-HALLOWEEN.pdf\">29 HALLOWEEN<\/a><\/p>\n<p><a href=\"https:\/\/www.chapelle-montligeon.fr\/wp-content\/uploads\/28-ENEDIS-Les-Moulins.pdf\">28 ENEDIS Les Moulins<\/a><\/p>\n<p><a href=\"https:\/\/www.chapelle-montligeon.fr\/wp-content\/uploads\/26-CONNECT-TP_1-rue-Principale.pdf\">26 CONNECT TP_1 rue Principale<\/a><\/p>\n<p><a href=\"https:\/\/www.chapelle-montligeon.fr\/wp-content\/uploads\/25-PERMISSION-VOIRIE-ODP-ORANGE_La-Hugotiere-Ar-pref.pdf\">25 PERMISSION VOIRIE ODP ORANGE_La Hugoti\u00e8re Ar pref<\/a><\/p>\n<p><a href=\"https:\/\/www.chapelle-montligeon.fr\/wp-content\/uploads\/24_TPL_Route-barree-du-Chateauroux-au-Courthenou.pdf\">24_TPL_Route barr\u00e9e du Chateauroux au Courthenou<\/a><\/p>\n<p><a href=\"https:\/\/www.chapelle-montligeon.fr\/wp-content\/uploads\/21-DESJOUIS-Stationnement-rue-principale.pdf\">21 DESJOUIS Stationnement rue principale<\/a><\/p>\n<p><a href=\"https:\/\/www.chapelle-montligeon.fr\/wp-content\/uploads\/20-Modificatif-COLAS-La-Basse-Fouillerie.pdf\">20 Modificatif COLAS La Basse Fouillerie<\/a><\/p>\n<p><a href=\"https:\/\/www.chapelle-montligeon.fr\/wp-content\/uploads\/20-COLAS-La-Basse-Fouillerie.pdf\">20 COLAS La Basse Fouillerie<\/a><\/p>\n<p><a href=\"https:\/\/www.chapelle-montligeon.fr\/wp-content\/uploads\/18-Arrete-Brocante-14-09-2025.pdf\">18 Arr\u00eat\u00e9 Brocante 14-09-2025<\/a><\/p>\n<p><a href=\"https:\/\/www.chapelle-montligeon.fr\/wp-content\/uploads\/17-Feu-dartifice-13-09-2025.pdf\">17 Feu d&rsquo;artifice 13-09-2025<\/a><\/p>\n<p><a href=\"https:\/\/www.chapelle-montligeon.fr\/wp-content\/uploads\/15-Interdiction-circulation_Le-Bourgis.pdf\">15 Interdiction circulation_Le Bourgis<\/a><\/p>\n<p><a href=\"https:\/\/www.chapelle-montligeon.fr\/wp-content\/uploads\/ArretePrefectoral_2025.08.07_expulsion_GensDuVoyage.pdf\">Arr\u00eat\u00e9 pr\u00e9fectoral_2025.08.07_\u00e9vacuation_Gens Du Voyage<\/a><\/p>\n<p><a href=\"https:\/\/www.chapelle-montligeon.fr\/wp-content\/uploads\/13-SI-Cafe-Rock-Music.pdf\">13 Concert \u00ab\u00a0Rock Music\u00a0\u00bb Place Buguet<\/a><\/p>\n<p><a href=\"https:\/\/www.chapelle-montligeon.fr\/wp-content\/uploads\/11-SOGETRA-Stationnement-La-Fontaine.pdf\">11 SOGETRA Stationnement La Fontaine<\/a><\/p>\n<p><a href=\"https:\/\/www.chapelle-montligeon.fr\/wp-content\/uploads\/08-Trec-circulation.pdf\">08 Trec circulation<\/a><\/p>\n<p><a href=\"https:\/\/www.chapelle-montligeon.fr\/wp-content\/uploads\/06.-Marche-aux-Fleurs.pdf\">06. March\u00e9 aux Fleurs<\/a><\/p>\n<p><a href=\"https:\/\/www.chapelle-montligeon.fr\/wp-content\/uploads\/05-Chiens-divagation_AR-Pref.pdf\">05 Chiens divagation_AR Pref<\/a><\/p>\n<p><a href=\"https:\/\/www.chapelle-montligeon.fr\/wp-content\/uploads\/04_Tour-Orne-Cycliste-feminin_arrete.pdf\">04_Tour Orne Cycliste feminin_arr\u00eat\u00e9<\/a><\/p>\n<p><a href=\"https:\/\/www.chapelle-montligeon.fr\/wp-content\/uploads\/02-ENSIO-Alternat-toute-la-commune-.pdf\">02 ENSIO Alternat toute la commune<\/a><\/p>\n<p><a href=\"https:\/\/www.chapelle-montligeon.fr\/wp-content\/uploads\/01-SUEZ-La-Basse-Fouillerie-.pdf\">01 SUEZ La Basse Fouillerie<\/a><\/p>\n<p>&nbsp;<\/p>\n<p><span style=\"color: #0000ff;\"><strong>2024<\/strong><\/span><\/p>\n<p><a href=\"https:\/\/www.chapelle-montligeon.fr\/wp-content\/uploads\/01-Le-Pavillon-route-barree.pdf\">01 Le Pavillon route barr\u00e9e<\/a><\/p>\n<p><a href=\"https:\/\/www.chapelle-montligeon.fr\/wp-content\/uploads\/03-PERMISSION-VOIRIE-ODP-ORANGE_PSOT-BEILLARD-GILVARDIERE.pdf\">03 PERMISSION VOIRIE ODP ORANGE_PSOT BEILLARD GILVARDIERE<\/a><\/p>\n<p><a href=\"https:\/\/www.chapelle-montligeon.fr\/wp-content\/uploads\/04-TDB-SERVICE-SARL-reglementation-ronderie-tvx-fibre.pdf\">04 TDB SERVICE SARL reglementation ronderie tvx fibre<\/a><\/p>\n<p><a href=\"https:\/\/www.chapelle-montligeon.fr\/wp-content\/uploads\/05_ORTEC-ENVIRONNEMENT-curag-et-inspection-reseaux-EU.pdf\">05_ORTEC ENVIRONNEMENT curag et inspection r\u00e9seaux EU<\/a><\/p>\n<p><a href=\"https:\/\/www.chapelle-montligeon.fr\/wp-content\/uploads\/06-MARCHE-AUX-FLEURS-.pdf\">06 MARCHE AUX FLEURS<\/a><\/p>\n<p><a href=\"https:\/\/www.chapelle-montligeon.fr\/wp-content\/uploads\/07-SMT-rue-du-plan-deau.pdf\">07 SMT rue du plan d&rsquo;eau<\/a><\/p>\n<p><a href=\"https:\/\/www.chapelle-montligeon.fr\/wp-content\/uploads\/08-TDB-SERVICE-SARL-_-La-Ronderie.pdf\">08 TDB SERVICE SARL _ La Ronderie\u00a0<\/a><\/p>\n<p><a href=\"https:\/\/www.chapelle-montligeon.fr\/wp-content\/uploads\/10-SOGETRA_-Le-Moulin-route-barree.pdf\">10 SOGETRA_ Le Moulin route barr\u00e9e<\/a><\/p>\n<p><a href=\"https:\/\/www.chapelle-montligeon.fr\/wp-content\/uploads\/12-Delegation-signature-agent-communal.pdf\">12 D\u00e9l\u00e9gation signature agent communal<\/a><\/p>\n<p><a href=\"https:\/\/www.chapelle-montligeon.fr\/wp-content\/uploads\/13-PERMISSION-VOIRIE-Entreprise-MOUSS.pdf\">13 PERMISSION VOIRIE Entreprise MOUSS<\/a><\/p>\n<p><a href=\"https:\/\/www.chapelle-montligeon.fr\/wp-content\/uploads\/14-Feu-dartifice-07-09-2024.pdf\">14 Feu d&rsquo;artifice 07-09-2024<\/a><\/p>\n<p><a href=\"https:\/\/www.chapelle-montligeon.fr\/wp-content\/uploads\/15-Arrete-Brocante-08-09-2024.pdf\">15 Arr\u00eat\u00e9 Brocante 08-09-2024<\/a><\/p>\n<p><a href=\"https:\/\/www.chapelle-montligeon.fr\/wp-content\/uploads\/16-GTCA-Le-Pavillon-route-barree.pdf\">16 GTCA Le Pavillon route barr\u00e9e<\/a><\/p>\n<p><a href=\"https:\/\/www.chapelle-montligeon.fr\/wp-content\/uploads\/17-PERMISSION-VOIRIE-ODP-ORANGE_LA-MESLERIE-LE-PAVILLON-_AR-pref.pdf\">17 PERMISSION VOIRIE ODP ORANGE_LA MESLERIE LE PAVILLON <\/a><\/p>\n<p><a href=\"https:\/\/www.chapelle-montligeon.fr\/wp-content\/uploads\/18-PERMISSION-VOIRIE-ODP-ORANGE_Courthenou-hotel-aux-anglais-Nicoliere-Cognardiere_ARPref.pdf\">18 PERMISSION VOIRIE ODP ORANGE_Courthenou hotel aux anglais Nicoli\u00e8re Cognardi\u00e8re_ARPref<\/a><\/p>\n<p><a href=\"https:\/\/www.chapelle-montligeon.fr\/wp-content\/uploads\/19-TP-Bernard-Prevel_-route-barree-Les-Mairins-Berdris.pdf\">19 TP Bernard Prevel_ route barr\u00e9e Les Mairins Berdris<\/a><\/p>\n<p><a href=\"https:\/\/www.chapelle-montligeon.fr\/wp-content\/uploads\/20-HALLOWEEN_Le-Bourg.pdf\">20 HALLOWEEN_Le Bourg<\/a><\/p>\n<p><a href=\"https:\/\/www.chapelle-montligeon.fr\/wp-content\/uploads\/22-TPL-Hotel-Beaudray.pdf\">22 TPL Hotel Beaudray<\/a><\/p>\n<p><a href=\"https:\/\/www.chapelle-montligeon.fr\/wp-content\/uploads\/22-bisTPL-Hotel-Beaudray.pdf\">22 bisTPL Hotel Beaudray<\/a><\/p>\n<p><a href=\"https:\/\/www.chapelle-montligeon.fr\/wp-content\/uploads\/23-TDB-SERVICE-SARL-Courthenou-tvx-fibre.pdf\">23 TDB SERVICE SARL Courthenou tvx fibre<\/a><\/p>\n<p><a href=\"https:\/\/www.chapelle-montligeon.fr\/wp-content\/uploads\/24-Espace-sans-tabac.pdf\">24 Espace sans tabac<\/a><\/p>\n<p>&nbsp;<\/p>\n<p>&nbsp;<\/p>\n<p><span style=\"color: #0000ff;\"><strong>2023<\/strong><\/span><\/p>\n<p><a href=\"https:\/\/www.chapelle-montligeon.fr\/wp-content\/uploads\/20-Arrete-Sainte-Barbe-18-11-2023.pdf\">20 Arr\u00eat\u00e9 Sainte Barbe 18-11-2023<\/a><\/p>\n<p><a href=\"https:\/\/www.chapelle-montligeon.fr\/wp-content\/uploads\/18_ENSIO_Armoire-Rue-du-Plan-dEau-Alternat.pdf\">18_ENSIO_Armoire Rue du Plan d&rsquo;Eau-Alternat<\/a><\/p>\n<p><a href=\"https:\/\/www.chapelle-montligeon.fr\/wp-content\/uploads\/17-ORTEC-ENVIRONNEMENT.pdf\">17 ORTEC ENVIRONNEMENT<\/a><\/p>\n<p><a href=\"https:\/\/www.chapelle-montligeon.fr\/wp-content\/uploads\/15-Interdition-circulation-rue-du-Lavoir_Colas.pdf\">15 Interdition circulation rue du Lavoir_Colas<\/a><\/p>\n<p><a href=\"https:\/\/www.chapelle-montligeon.fr\/wp-content\/uploads\/14-Feu-dartifice.pdf\">14 Feu d&rsquo;artifice<\/a> (publi\u00e9 le 06\/09\/2023)<\/p>\n<p><a href=\"https:\/\/www.chapelle-montligeon.fr\/wp-content\/uploads\/13-Brocante.pdf\">13 Brocante<\/a> (publi\u00e9 le 06\/09\/2023)<\/p>\n<p><a href=\"https:\/\/www.chapelle-montligeon.fr\/wp-content\/uploads\/12-Interdition-circulation-rue-du-Lavoir.pdf\">12 Interdition circulation rue du Lavoir<\/a> (publi\u00e9 le 28\/08\/2023)<\/p>\n<p><a href=\"https:\/\/www.chapelle-montligeon.fr\/wp-content\/uploads\/09-Permission-voirie-Orange_rue-du-Plan-dEau_visa-pref.pdf\">09 Permission voirie Orange_rue du Plan d&rsquo;Eau_visa pref<\/a> (publi\u00e9 le 22\/06\/2023)<\/p>\n<p><a href=\"https:\/\/www.chapelle-montligeon.fr\/wp-content\/uploads\/08-ORTEC-inspection-reseaux-des-eaux-usees.pdf\">08 ORTEC inspection r\u00e9seaux des eaux us\u00e9es<\/a> (publi\u00e9 le 22\/06\/2023)<\/p>\n<p><a href=\"https:\/\/www.chapelle-montligeon.fr\/wp-content\/uploads\/2023-07_ENSIO-Alternant-Travaux-raccordement-Fibre.pdf\">07 ENSIO Alternant Travaux raccordement Fibre<\/a> (publi\u00e9 le 08\/06\/2023)<\/p>\n<p><a href=\"https:\/\/www.chapelle-montligeon.fr\/wp-content\/uploads\/05-Marche-aux-fleurs.pdf\">05 March\u00e9 aux fleurs<\/a>\u00a0 <em>(publi\u00e9 le 05\/05\/2023)<\/em><\/p>\n<p><a href=\"https:\/\/www.chapelle-montligeon.fr\/wp-content\/uploads\/04-SUEZ-Interdiction-circulation-Residence-du-Petit-Moulin.pdf\">04 SUEZ Interdiction circulation R\u00e9sidence du Petit Moulin<\/a>\u00a0 <em>(publi\u00e9 le 05\/05\/2023)<\/em><\/p>\n<p><a href=\"https:\/\/www.chapelle-montligeon.fr\/wp-content\/uploads\/02-ENSIO-remplacement-poteaux-fibre.pdf\">02 ENSIO remplacement poteaux fibre<\/a> <em>(publi\u00e9 le 10\/02\/2023)<\/em><\/p>\n<p><a href=\"https:\/\/www.chapelle-montligeon.fr\/wp-content\/uploads\/01-Interdiction-circulation-Rue-Plan-dEau.pdf\">01 Interdiction circulation Rue Plan d&rsquo;Eau<\/a> \u00a0 (publi\u00e9 le 04\/01\/2023)<\/p>\n<p><span style=\"color: #0000ff;\"><strong>2022<\/strong><\/span><\/p>\n<p><a href=\"https:\/\/www.chapelle-montligeon.fr\/wp-content\/uploads\/2022-37_FGC-La-Ronderie-Fibre_-circulation.pdf\">2022-37_FGC La Ronderie-Fibre_ circulation<\/a><\/p>\n<p><a href=\"https:\/\/www.chapelle-montligeon.fr\/wp-content\/uploads\/2022-36-ORANGE-Permission-voirie-fibre-La-Ronderie.pdf\">2022-36 ORANGE Permission voirie fibre La Ronderie<\/a><\/p>\n<p><a href=\"https:\/\/www.chapelle-montligeon.fr\/wp-content\/uploads\/2022-34_FGC-travaux-Le-Courthenou.pdf\">2022-34_FGC-travaux Le Courthenou<\/a><\/p>\n<p><a href=\"https:\/\/www.chapelle-montligeon.fr\/wp-content\/uploads\/2022-31_SI-HALLOWEEN.pdf\">2022-31_SI HALLOWEEN<\/a><\/p>\n<p><a href=\"https:\/\/www.chapelle-montligeon.fr\/wp-content\/uploads\/2022-30_COLAS-interdiction-circuler-Plan-dEau.pdf\">2022-30_COLAS -interdiction circuler Plan d&rsquo;Eau<\/a><\/p>\n<p><a href=\"https:\/\/www.chapelle-montligeon.fr\/wp-content\/uploads\/2022-29_COLAS-interdiction-circuler-Plan-dEau.pdf\">2022-29_COLAS -interdiction circuler Plan d&rsquo;Eau<\/a><\/p>\n<p><a href=\"https:\/\/www.chapelle-montligeon.fr\/wp-content\/uploads\/2022-27_Arrete-circulation-Courthenou-_-SPIE-CITYNETWORKS.pdf\">2022-27_Arr\u00eat\u00e9 circulation Courthenou _ SPIE CITYNETWORKS<\/a><\/p>\n<p><a href=\"https:\/\/www.chapelle-montligeon.fr\/wp-content\/uploads\/2022-26_Permission-de-voirie-ODP-ORANGE_La-Ronderie.pdf\">2022-26_Permission de voirie ODP ORANGE_La Ronderie<\/a><\/p>\n<p><a href=\"https:\/\/www.chapelle-montligeon.fr\/wp-content\/uploads\/2022-25_Numerotage_ARPREF.pdf\">2022-25_Num\u00e9rotage<\/a><\/p>\n<p><a href=\"https:\/\/www.chapelle-montligeon.fr\/wp-content\/uploads\/2022-24_Denomination-lieux-dits_ARPREF.pdf\">2022-24_D\u00e9nomination lieux-dits<\/a><\/p>\n<p><a href=\"https:\/\/www.chapelle-montligeon.fr\/wp-content\/uploads\/2022-23_Arrete-circulation-stationnement-Brocante.pdf\">2022-23_Arr\u00eat\u00e9 circulation-stationnement Brocante<\/a><\/p>\n<p><a href=\"https:\/\/www.chapelle-montligeon.fr\/wp-content\/uploads\/2022-22_Arrete-Feu-dartifice.pdf\">2022-22_Arr\u00eat\u00e9 Feu d&rsquo;artifice<\/a><\/p>\n<p><a href=\"https:\/\/www.chapelle-montligeon.fr\/wp-content\/uploads\/2022-20_SADE-TELECOM_Autorisation-stationnement.pdf\">2022-20_SADE TELECOM_Autorisation stationnement<\/a><\/p>\n<p><a href=\"https:\/\/www.chapelle-montligeon.fr\/wp-content\/uploads\/2022-19_DA-SOLUTIONS_Alternat-rue-du-Plan-dEau.pdf\">2022-19_DA SOLUTIONS_Alternat rue du Plan d&rsquo;Eau<\/a><\/p>\n<p><a href=\"https:\/\/www.chapelle-montligeon.fr\/wp-content\/uploads\/2022-18_SPIE_permission-voirie_-Le-Courthenou.pdf\">2022-18_SPIE_permission voirie_ Le Courthenou<\/a><\/p>\n<p><a href=\"https:\/\/www.chapelle-montligeon.fr\/wp-content\/uploads\/2022-17_Reglementation-coupure-EP_exec-1.pdf\">Arr\u00eat\u00e9 n\u00b0 2022-17 portant r\u00e9glementation des coupure de l&rsquo;\u00e9clairage public<\/a><\/p>\n<p><a href=\"https:\/\/www.chapelle-montligeon.fr\/wp-content\/uploads\/20220708142930.pdf\">Arr\u00eat\u00e9 de circulation n\u00b02022-16<\/a><\/p>\n<p><a href=\"https:\/\/www.chapelle-montligeon.fr\/wp-content\/uploads\/20220706131524.pdf\">Arr\u00eat\u00e9 circulation n\u00b0 2022-15<\/a><\/p>\n<p>&nbsp;<\/p>\n","protected":false},"excerpt":{"rendered":"<p>2026 07 March\u00e9 aux Fleurs 3 mai 06 D\u00e9l\u00e9gation signature Urbanisme_AR pref 05 D\u00e9l\u00e9gation 2e adjoint_AR Pref 04 D\u00e9l\u00e9gation 1er adjoint_AR pref 03 CITEOS_autorisation permanente circulation-stationnement 2025 36 NB Compagnie_rue Principale 34 NB Compagnie_Restriction chauss\u00e9e Le Heri 33 SUEZ_La Basse Fouillerie-Route barr\u00e9e 32 PGC76_ Alternat circulation_La Hugoti\u00e8re 31 PERMISSION VOIRIE ODP ORANGE_Le Heri 30 Sanctuaire_Autorisation &hellip; <\/p>\n<p><a class=\"more-link btn\" href=\"https:\/\/www.chapelle-montligeon.fr\/?page_id=2783\">Lire la suite<\/a><\/p>\n","protected":false},"author":5,"featured_media":0,"parent":0,"menu_order":25,"comment_status":"closed","ping_status":"closed","template":"","meta":{"footnotes":""},"class_list":["post-2783","page","type-page","status-publish","hentry","nodate","item-wrap"],"_links":{"self":[{"href":"https:\/\/www.chapelle-montligeon.fr\/index.php?rest_route=\/wp\/v2\/pages\/2783","targetHints":{"allow":["GET"]}}],"collection":[{"href":"https:\/\/www.chapelle-montligeon.fr\/index.php?rest_route=\/wp\/v2\/pages"}],"about":[{"href":"https:\/\/www.chapelle-montligeon.fr\/index.php?rest_route=\/wp\/v2\/types\/page"}],"author":[{"embeddable":true,"href":"https:\/\/www.chapelle-montligeon.fr\/index.php?rest_route=\/wp\/v2\/users\/5"}],"replies":[{"embeddable":true,"href":"https:\/\/www.chapelle-montligeon.fr\/index.php?rest_route=%2Fwp%2Fv2%2Fcomments&post=2783"}],"version-history":[{"count":62,"href":"https:\/\/www.chapelle-montligeon.fr\/index.php?rest_route=\/wp\/v2\/pages\/2783\/revisions"}],"predecessor-version":[{"id":3455,"href":"https:\/\/www.chapelle-montligeon.fr\/index.php?rest_route=\/wp\/v2\/pages\/2783\/revisions\/3455"}],"wp:attachment":[{"href":"https:\/\/www.chapelle-montligeon.fr\/index.php?rest_route=%2Fwp%2Fv2%2Fmedia&parent=2783"}],"curies":[{"name":"wp","href":"https:\/\/api.w.org\/{rel}","templated":true}]}}