{"id":370,"date":"2016-05-31T11:35:47","date_gmt":"2016-05-31T11:35:47","guid":{"rendered":"http:\/\/www.chapelle-montligeon.fr\/?page_id=370"},"modified":"2016-06-02T09:44:29","modified_gmt":"2016-06-02T09:44:29","slug":"etat-civil","status":"publish","type":"page","link":"https:\/\/www.chapelle-montligeon.fr\/?page_id=370","title":{"rendered":"Etat Civil"},"content":{"rendered":"<h4><strong>D\u00e9livrance des actes d&rsquo;\u00e9tat civil<\/strong><\/h4>\n<p>Aux termes de l&rsquo;article 11 du d\u00e9cret du 3 ao\u00fbt 1962 modifi\u00e9 par le d\u00e9cret du 16 septembre 1997, les personnes suivantes peuvent obtenir une copie int\u00e9grale (ou un extrait avec filiation) d&rsquo;un acte de naissance ou de mariage : l&rsquo;int\u00e9ress\u00e9 lui-m\u00eame, \u00e0 condition qu&rsquo;il soit majeur, ses p\u00e8re et m\u00e8re, enfants majeurs, grands-parents ou petits-enfants majeurs ou son conjoint.<\/p>\n<p>Les autres personnes ne peuvent recevoir ce document qu&rsquo;en vertu d&rsquo;une autorisation du Procureur de la R\u00e9publique.<\/p>\n<p>En faire la demande en mairie muni :<\/p>\n<ul>\n<li>date de naissance, lieu de naissance et filiation de la personne concern\u00e9e par l&rsquo;acte<\/li>\n<li>tout document prouvant le lien de parent\u00e9 avec la personne concern\u00e9 par l&rsquo;acte (livret de famille&#8230;) ou l&rsquo;habilitation<\/li>\n<li>carte d&rsquo;identit\u00e9<\/li>\n<\/ul>\n<p>Pour les envois postaux merci de joindre \u00e0 votre demande une enveloppe \u00e0 votre nom, timbr\u00e9e.<\/p>\n","protected":false},"excerpt":{"rendered":"<p>D\u00e9livrance des actes d&rsquo;\u00e9tat civil Aux termes de l&rsquo;article 11 du d\u00e9cret du 3 ao\u00fbt 1962 modifi\u00e9 par le d\u00e9cret du 16 septembre 1997, les personnes suivantes peuvent obtenir une copie int\u00e9grale (ou un extrait avec filiation) d&rsquo;un acte de naissance ou de mariage : l&rsquo;int\u00e9ress\u00e9 lui-m\u00eame, \u00e0 condition qu&rsquo;il soit majeur, ses p\u00e8re et &hellip; <\/p>\n<p><a class=\"more-link btn\" href=\"https:\/\/www.chapelle-montligeon.fr\/?page_id=370\">Lire la suite<\/a><\/p>\n","protected":false},"author":5,"featured_media":464,"parent":340,"menu_order":10,"comment_status":"closed","ping_status":"closed","template":"","meta":{"footnotes":""},"class_list":["post-370","page","type-page","status-publish","has-post-thumbnail","hentry","nodate","item-wrap"],"_links":{"self":[{"href":"https:\/\/www.chapelle-montligeon.fr\/index.php?rest_route=\/wp\/v2\/pages\/370","targetHints":{"allow":["GET"]}}],"collection":[{"href":"https:\/\/www.chapelle-montligeon.fr\/index.php?rest_route=\/wp\/v2\/pages"}],"about":[{"href":"https:\/\/www.chapelle-montligeon.fr\/index.php?rest_route=\/wp\/v2\/types\/page"}],"author":[{"embeddable":true,"href":"https:\/\/www.chapelle-montligeon.fr\/index.php?rest_route=\/wp\/v2\/users\/5"}],"replies":[{"embeddable":true,"href":"https:\/\/www.chapelle-montligeon.fr\/index.php?rest_route=%2Fwp%2Fv2%2Fcomments&post=370"}],"version-history":[{"count":3,"href":"https:\/\/www.chapelle-montligeon.fr\/index.php?rest_route=\/wp\/v2\/pages\/370\/revisions"}],"predecessor-version":[{"id":473,"href":"https:\/\/www.chapelle-montligeon.fr\/index.php?rest_route=\/wp\/v2\/pages\/370\/revisions\/473"}],"up":[{"embeddable":true,"href":"https:\/\/www.chapelle-montligeon.fr\/index.php?rest_route=\/wp\/v2\/pages\/340"}],"wp:featuredmedia":[{"embeddable":true,"href":"https:\/\/www.chapelle-montligeon.fr\/index.php?rest_route=\/wp\/v2\/media\/464"}],"wp:attachment":[{"href":"https:\/\/www.chapelle-montligeon.fr\/index.php?rest_route=%2Fwp%2Fv2%2Fmedia&parent=370"}],"curies":[{"name":"wp","href":"https:\/\/api.w.org\/{rel}","templated":true}]}}