{"id":376,"date":"2016-05-31T11:44:14","date_gmt":"2016-05-31T11:44:14","guid":{"rendered":"http:\/\/www.chapelle-montligeon.fr\/?page_id=376"},"modified":"2016-06-02T09:34:08","modified_gmt":"2016-06-02T09:34:08","slug":"reconnaissance","status":"publish","type":"page","link":"https:\/\/www.chapelle-montligeon.fr\/?page_id=376","title":{"rendered":"Naissance \/ Reconnaissance"},"content":{"rendered":"<p>La d\u00e9claration de naissance est obligatoire, <strong>elle s&rsquo;effectue \u00e0 la mairie du lieu d&rsquo;accouchement<\/strong>.<br \/>\nPour la reconnaissance d&rsquo;un enfant naturel,\u00a0<strong>s&rsquo;adresser \u00e0 n&rsquo;importe quelle mairie<\/strong>.<\/p>\n<p><strong>Filiation de l&rsquo;enfant d&rsquo;un couple non mari\u00e9\u00a0: reconnaissance<\/strong><\/p>\n<p>Lorsque les parents ne sont pas mari\u00e9s, la filiation s&rsquo;\u00e9tablit diff\u00e9remment \u00e0 l&rsquo;\u00e9gard du p\u00e8re et de la m\u00e8re. Pour la m\u00e8re, il suffit que son nom apparaisse dans l&rsquo;acte de naissance pour que la maternit\u00e9 soit \u00e9tablie. En revanche, pour \u00e9tablir sa paternit\u00e9, le p\u00e8re doit faire une reconnaissance (avant ou apr\u00e8s la naissance de l&rsquo;enfant).<\/p>\n<p><strong>Pi\u00e8ces \u00e0 produire en se pr\u00e9sentant en mairie<\/strong><\/p>\n<ul>\n<li>Cartes d\u2019identit\u00e9 des parents<\/li>\n<li>Livret de famille s\u2019il en existe un<\/li>\n<li>Faire une d\u00e9claration \u00e0 l\u2019\u00e9tat civil<\/li>\n<\/ul>\n","protected":false},"excerpt":{"rendered":"<p>La d\u00e9claration de naissance est obligatoire, elle s&rsquo;effectue \u00e0 la mairie du lieu d&rsquo;accouchement. Pour la reconnaissance d&rsquo;un enfant naturel,\u00a0s&rsquo;adresser \u00e0 n&rsquo;importe quelle mairie. Filiation de l&rsquo;enfant d&rsquo;un couple non mari\u00e9\u00a0: reconnaissance Lorsque les parents ne sont pas mari\u00e9s, la filiation s&rsquo;\u00e9tablit diff\u00e9remment \u00e0 l&rsquo;\u00e9gard du p\u00e8re et de la m\u00e8re. Pour la m\u00e8re, il &hellip; <\/p>\n<p><a class=\"more-link btn\" href=\"https:\/\/www.chapelle-montligeon.fr\/?page_id=376\">Lire la suite<\/a><\/p>\n","protected":false},"author":5,"featured_media":470,"parent":370,"menu_order":20,"comment_status":"closed","ping_status":"closed","template":"","meta":{"footnotes":""},"class_list":["post-376","page","type-page","status-publish","has-post-thumbnail","hentry","nodate","item-wrap"],"_links":{"self":[{"href":"https:\/\/www.chapelle-montligeon.fr\/index.php?rest_route=\/wp\/v2\/pages\/376","targetHints":{"allow":["GET"]}}],"collection":[{"href":"https:\/\/www.chapelle-montligeon.fr\/index.php?rest_route=\/wp\/v2\/pages"}],"about":[{"href":"https:\/\/www.chapelle-montligeon.fr\/index.php?rest_route=\/wp\/v2\/types\/page"}],"author":[{"embeddable":true,"href":"https:\/\/www.chapelle-montligeon.fr\/index.php?rest_route=\/wp\/v2\/users\/5"}],"replies":[{"embeddable":true,"href":"https:\/\/www.chapelle-montligeon.fr\/index.php?rest_route=%2Fwp%2Fv2%2Fcomments&post=376"}],"version-history":[{"count":2,"href":"https:\/\/www.chapelle-montligeon.fr\/index.php?rest_route=\/wp\/v2\/pages\/376\/revisions"}],"predecessor-version":[{"id":387,"href":"https:\/\/www.chapelle-montligeon.fr\/index.php?rest_route=\/wp\/v2\/pages\/376\/revisions\/387"}],"up":[{"embeddable":true,"href":"https:\/\/www.chapelle-montligeon.fr\/index.php?rest_route=\/wp\/v2\/pages\/370"}],"wp:featuredmedia":[{"embeddable":true,"href":"https:\/\/www.chapelle-montligeon.fr\/index.php?rest_route=\/wp\/v2\/media\/470"}],"wp:attachment":[{"href":"https:\/\/www.chapelle-montligeon.fr\/index.php?rest_route=%2Fwp%2Fv2%2Fmedia&parent=376"}],"curies":[{"name":"wp","href":"https:\/\/api.w.org\/{rel}","templated":true}]}}