{"id":378,"date":"2016-05-31T11:47:27","date_gmt":"2016-05-31T11:47:27","guid":{"rendered":"http:\/\/www.chapelle-montligeon.fr\/?page_id=378"},"modified":"2016-05-31T11:47:27","modified_gmt":"2016-05-31T11:47:27","slug":"bapteme-civil","status":"publish","type":"page","link":"https:\/\/www.chapelle-montligeon.fr\/?page_id=378","title":{"rendered":"Bapt\u00eame civil"},"content":{"rendered":"<p><strong>Bapt\u00eame \u00e0 La Chapelle Montligeon<\/strong><\/p>\n<p><strong>Conditions <\/strong><\/p>\n<ul>\n<li>Le bapt\u00eame civil n\u2019ayant aucune valeur juridique, il suffit simplement que la personne ayant l\u2019autorit\u00e9 parentale r\u00e9side sur la commune.<\/li>\n<\/ul>\n<p><strong>D\u00e9p\u00f4t du dossier en mairie<\/strong><\/p>\n<p><strong>Pi\u00e8ces \u00e0 produire (minimum 15 jours avant la date du bapt\u00eame)<\/strong><\/p>\n<p>Les parents doivent fournir les pi\u00e8ces suivantes :<\/p>\n<ul>\n<li>pi\u00e8ce d&rsquo;identit\u00e9,<\/li>\n<li>livret de famille,<\/li>\n<li>justificatif de domicile ou de r\u00e9sidence (1 ou 2),<\/li>\n<li>informations sur les parrains\/t\u00e9moins (noms, pr\u00e9noms, date et lieu de naissance, profession et domicile, copie de leur titre d&rsquo;identit\u00e9),<\/li>\n<\/ul>\n","protected":false},"excerpt":{"rendered":"<p>Bapt\u00eame \u00e0 La Chapelle Montligeon Conditions Le bapt\u00eame civil n\u2019ayant aucune valeur juridique, il suffit simplement que la personne ayant l\u2019autorit\u00e9 parentale r\u00e9side sur la commune. D\u00e9p\u00f4t du dossier en mairie Pi\u00e8ces \u00e0 produire (minimum 15 jours avant la date du bapt\u00eame) Les parents doivent fournir les pi\u00e8ces suivantes : pi\u00e8ce d&rsquo;identit\u00e9, livret de famille, &hellip; <\/p>\n<p><a class=\"more-link btn\" href=\"https:\/\/www.chapelle-montligeon.fr\/?page_id=378\">Lire la suite<\/a><\/p>\n","protected":false},"author":5,"featured_media":469,"parent":370,"menu_order":30,"comment_status":"closed","ping_status":"closed","template":"","meta":{"footnotes":""},"class_list":["post-378","page","type-page","status-publish","has-post-thumbnail","hentry","nodate","item-wrap"],"_links":{"self":[{"href":"https:\/\/www.chapelle-montligeon.fr\/index.php?rest_route=\/wp\/v2\/pages\/378","targetHints":{"allow":["GET"]}}],"collection":[{"href":"https:\/\/www.chapelle-montligeon.fr\/index.php?rest_route=\/wp\/v2\/pages"}],"about":[{"href":"https:\/\/www.chapelle-montligeon.fr\/index.php?rest_route=\/wp\/v2\/types\/page"}],"author":[{"embeddable":true,"href":"https:\/\/www.chapelle-montligeon.fr\/index.php?rest_route=\/wp\/v2\/users\/5"}],"replies":[{"embeddable":true,"href":"https:\/\/www.chapelle-montligeon.fr\/index.php?rest_route=%2Fwp%2Fv2%2Fcomments&post=378"}],"version-history":[{"count":1,"href":"https:\/\/www.chapelle-montligeon.fr\/index.php?rest_route=\/wp\/v2\/pages\/378\/revisions"}],"predecessor-version":[{"id":379,"href":"https:\/\/www.chapelle-montligeon.fr\/index.php?rest_route=\/wp\/v2\/pages\/378\/revisions\/379"}],"up":[{"embeddable":true,"href":"https:\/\/www.chapelle-montligeon.fr\/index.php?rest_route=\/wp\/v2\/pages\/370"}],"wp:featuredmedia":[{"embeddable":true,"href":"https:\/\/www.chapelle-montligeon.fr\/index.php?rest_route=\/wp\/v2\/media\/469"}],"wp:attachment":[{"href":"https:\/\/www.chapelle-montligeon.fr\/index.php?rest_route=%2Fwp%2Fv2%2Fmedia&parent=378"}],"curies":[{"name":"wp","href":"https:\/\/api.w.org\/{rel}","templated":true}]}}