{"id":380,"date":"2016-05-31T11:51:33","date_gmt":"2016-05-31T11:51:33","guid":{"rendered":"http:\/\/www.chapelle-montligeon.fr\/?page_id=380"},"modified":"2016-05-31T11:52:24","modified_gmt":"2016-05-31T11:52:24","slug":"inscription-sur-la-liste-electorale","status":"publish","type":"page","link":"https:\/\/www.chapelle-montligeon.fr\/?page_id=380","title":{"rendered":"Liste \u00e9lectorale"},"content":{"rendered":"<p>Pour pouvoir voter, il faut \u00eatre inscrit sur les listes \u00e9lectorales. L&rsquo;inscription est automatique pour les jeunes de 18 ans. En dehors de cette situation, l&rsquo;inscription sur les listes doit faire l&rsquo;objet d&rsquo;une d\u00e9marche volontaire.<\/p>\n<p><strong>Conditions <\/strong><\/p>\n<ul>\n<li>avoir au moins 18 ans la veille du 1<sup>er<\/sup> tour de scrutin,<\/li>\n<li>\u00eatre de nationalit\u00e9 fran\u00e7aise (un citoyen europ\u00e9en qui vit en France peut s&rsquo;inscrire sur les listes compl\u00e9mentaires mais seulement pour participer aux \u00e9lections municipales et\/ou europ\u00e9ennes),<\/li>\n<li>jouir de ses droits civils et politiques.<\/li>\n<\/ul>\n<ul>\n<li>\u00eatre domicili\u00e9 \u00e0 La Chapelle Montligeon, ou y \u00eatre assujetti aux impots locaux depuis au moins 5 ans, ou r\u00e9sid\u00e9 La Chapelle Montligeon si vous y r\u00e9sidez de mani\u00e8re effective et continue depuis au moins 6 mois, ou \u00eatre assujetti \u00e0 r\u00e9sidence obligatoire en tant que fonctionnaire public.<\/li>\n<\/ul>\n<p><strong>Pi\u00e8ce \u00e0 fournir en mairie<\/strong><\/p>\n<ul>\n<li>Une pi\u00e8ce d&rsquo;identit\u00e9 r\u00e9cente (valide ou p\u00e9rim\u00e9e depuis moins d&rsquo;1 an) prouvant votre nationalit\u00e9 fran\u00e7aise\u00a0: passeport ou carte nationale d&rsquo;identit\u00e9 Si vous \u00eates devenu fran\u00e7ais r\u00e9cemment et que vous n&rsquo;avez pas encore de papiers fran\u00e7ais : pi\u00e8ce d&rsquo;identit\u00e9 d&rsquo;origine (passeport ou carte d&rsquo;identit\u00e9 valide ou p\u00e9rim\u00e9e depuis moins d&rsquo;un an) + une preuve de la nationalit\u00e9 (d\u00e9cret de naturalisation par exemple)<\/li>\n<li>Un justificatif de domicile<\/li>\n<li>Formulaire <a href=\"https:\/\/www.service-public.fr\/particuliers\/vosdroits\/R16024\"><u>cerfa n\u00b012669*01<\/u><\/a> de demande d&rsquo;inscription (disponible en mairie)<\/li>\n<\/ul>\n<p><strong>Quand s&rsquo;inscrire ?<\/strong><\/p>\n<p>Sauf quelques cas particuliers, pour pouvoir voter, il faut s&rsquo;inscrire avant la fin de l&rsquo;ann\u00e9e qui pr\u00e9c\u00e8de le scrutin (soit avant le 31 d\u00e9cembre de chaque ann\u00e9e pour \u00eatre inscrit sur la liste de l\u2019ann\u00e9e suivante)<\/p>\n<p><strong>Cas particuliers : inscription l&rsquo;ann\u00e9e de l&rsquo;\u00e9lection<\/strong><\/p>\n<p>Si vous \u00eates dans l&rsquo;une des situations suivantes, vous pouvez vous inscrire et voter la m\u00eame ann\u00e9e :<\/p>\n<ul>\n<ul>\n<li>Jeune ayant atteint l&rsquo;\u00e2ge de 18 ans entre le 1<sup>er<\/sup> mars et le jour de l&rsquo;\u00e9lection,<\/li>\n<li>Personne qui d\u00e9m\u00e9nage pour des motifs professionnels et fonctionnaire admis \u00e0 la retraite apr\u00e8s le 1<sup>er<\/sup> janvier,<\/li>\n<li>Militaire retournant \u00e0 la vie civile apr\u00e8s le 1<sup>er<\/sup> janvier,<\/li>\n<li>Acquisition de la nationalit\u00e9 fran\u00e7aise apr\u00e8s le 1<sup>er<\/sup> janvier,<\/li>\n<\/ul>\n<\/ul>\n<ul>\n<li><b>Recouvrement de l&rsquo;exercice du droit de vote apr\u00e8s le 1<sup>er<\/sup> janvier,<\/b><\/li>\n<\/ul>\n","protected":false},"excerpt":{"rendered":"<p>Pour pouvoir voter, il faut \u00eatre inscrit sur les listes \u00e9lectorales. L&rsquo;inscription est automatique pour les jeunes de 18 ans. En dehors de cette situation, l&rsquo;inscription sur les listes doit faire l&rsquo;objet d&rsquo;une d\u00e9marche volontaire. Conditions avoir au moins 18 ans la veille du 1er tour de scrutin, \u00eatre de nationalit\u00e9 fran\u00e7aise (un citoyen europ\u00e9en &hellip; <\/p>\n<p><a class=\"more-link btn\" href=\"https:\/\/www.chapelle-montligeon.fr\/?page_id=380\">Lire la suite<\/a><\/p>\n","protected":false},"author":5,"featured_media":0,"parent":340,"menu_order":20,"comment_status":"closed","ping_status":"closed","template":"","meta":{"footnotes":""},"class_list":["post-380","page","type-page","status-publish","hentry","nodate","item-wrap"],"_links":{"self":[{"href":"https:\/\/www.chapelle-montligeon.fr\/index.php?rest_route=\/wp\/v2\/pages\/380","targetHints":{"allow":["GET"]}}],"collection":[{"href":"https:\/\/www.chapelle-montligeon.fr\/index.php?rest_route=\/wp\/v2\/pages"}],"about":[{"href":"https:\/\/www.chapelle-montligeon.fr\/index.php?rest_route=\/wp\/v2\/types\/page"}],"author":[{"embeddable":true,"href":"https:\/\/www.chapelle-montligeon.fr\/index.php?rest_route=\/wp\/v2\/users\/5"}],"replies":[{"embeddable":true,"href":"https:\/\/www.chapelle-montligeon.fr\/index.php?rest_route=%2Fwp%2Fv2%2Fcomments&post=380"}],"version-history":[{"count":2,"href":"https:\/\/www.chapelle-montligeon.fr\/index.php?rest_route=\/wp\/v2\/pages\/380\/revisions"}],"predecessor-version":[{"id":382,"href":"https:\/\/www.chapelle-montligeon.fr\/index.php?rest_route=\/wp\/v2\/pages\/380\/revisions\/382"}],"up":[{"embeddable":true,"href":"https:\/\/www.chapelle-montligeon.fr\/index.php?rest_route=\/wp\/v2\/pages\/340"}],"wp:attachment":[{"href":"https:\/\/www.chapelle-montligeon.fr\/index.php?rest_route=%2Fwp%2Fv2%2Fmedia&parent=380"}],"curies":[{"name":"wp","href":"https:\/\/api.w.org\/{rel}","templated":true}]}}