{"id":383,"date":"2016-05-31T11:53:50","date_gmt":"2016-05-31T11:53:50","guid":{"rendered":"http:\/\/www.chapelle-montligeon.fr\/?page_id=383"},"modified":"2016-05-31T11:56:30","modified_gmt":"2016-05-31T11:56:30","slug":"carte-didentite","status":"publish","type":"page","link":"https:\/\/www.chapelle-montligeon.fr\/?page_id=383","title":{"rendered":"Carte d&rsquo;identit\u00e9"},"content":{"rendered":"<p><strong>Demande de Carte Nationale d\u2019Identit\u00e9<\/strong><\/p>\n<p><strong><u>Liste des pi\u00e8ces \u00e0 fournir<\/u>\u00a0<\/strong>selon chaque cas<strong> : <\/strong><\/p>\n<ul>\n<li>L\u2019imprim\u00e9 Cerfa <em>int\u00e9gralement compl\u00e9t\u00e9 et sign\u00e9 en mairie, par l\u2019usager, ou pour un mineur, par la personne repr\u00e9sentant l\u2019autorit\u00e9 parentale<\/em><\/li>\n<li>2 photos d\u2019identit\u00e9 <em>identiques, r\u00e9centes et parfaitement ressemblantes, de face, t\u00eate nue, 35mm X 45mm<\/em><\/li>\n<li>1 justificatif de domicile <em>(facture r\u00e9cente d\u2019eau, d\u2019\u00e9lectricit\u00e9, de gaz, de t\u00e9l\u00e9phone, un certificat d\u2019imposition ou de non imposition, une quittance d\u2019assurance pour le logement, quittance de loyer, un titre de propri\u00e9t\u00e9 ou un contrat de location en cours de validit\u00e9 au nom du demandeur, ou pour un mineur, au non de la personne repr\u00e9sentant l\u2019autorit\u00e9 parentale)<\/em><\/li>\n<li>1 justificatif d\u2019\u00e9tat civil avec filiation compl\u00e8te <em>(extrait ou copie int\u00e9grale d\u2019acte de naissance de moins de trois mois, \u00e0 d\u00e9faut copie int\u00e9grale d\u2019acte de mariage)<\/em><\/li>\n<li>1 justificatif de nationalit\u00e9 fran\u00e7aise <em>(si le justificatif d\u2019\u00e9tat civil ne suffit pas)<\/em><\/li>\n<li>L\u2019ancienne CNI, et\/ou passeport<\/li>\n<li>1 photocopie de CNI de la personne repr\u00e9sentant l\u2019autorit\u00e9 parentale <em>pour les mineurs<\/em><\/li>\n<li>1 justificatif de l\u2019autorit\u00e9 parentale pour les mineurs <em>(extrait ou copie int\u00e9grale d\u2019acte de naissance de moins de trois mois, ou copie du livret de famille, en cas de lieu de r\u00e9sidence des parents diff\u00e9rent, jugement de divorce, ou document attestant de la d\u00e9l\u00e9gation de l\u2019autorit\u00e9 parental, tutelle\u2026)<\/em><\/li>\n<li>La d\u00e9claration de perte ou de vol <em>en cas de perte ou de vol de l\u2019ancienne CNI<\/em><\/li>\n<li>25\u20ac en timbre fiscal <em>en cas de perte de l\u2019ancienne CNI<\/em><\/li>\n<\/ul>\n<p><em><strong>\u00a0<\/strong><\/em><\/p>\n<p><em><strong>Pour les demandes de Passeport, pr\u00e9sentez-vous en mairie de Mortagne Au Perche<\/strong><\/em><\/p>\n","protected":false},"excerpt":{"rendered":"<p>Demande de Carte Nationale d\u2019Identit\u00e9 Liste des pi\u00e8ces \u00e0 fournir\u00a0selon chaque cas : L\u2019imprim\u00e9 Cerfa int\u00e9gralement compl\u00e9t\u00e9 et sign\u00e9 en mairie, par l\u2019usager, ou pour un mineur, par la personne repr\u00e9sentant l\u2019autorit\u00e9 parentale 2 photos d\u2019identit\u00e9 identiques, r\u00e9centes et parfaitement ressemblantes, de face, t\u00eate nue, 35mm X 45mm 1 justificatif de domicile (facture r\u00e9cente d\u2019eau, &hellip; <\/p>\n<p><a class=\"more-link btn\" href=\"https:\/\/www.chapelle-montligeon.fr\/?page_id=383\">Lire la suite<\/a><\/p>\n","protected":false},"author":5,"featured_media":0,"parent":340,"menu_order":30,"comment_status":"closed","ping_status":"closed","template":"","meta":{"footnotes":""},"class_list":["post-383","page","type-page","status-publish","hentry","nodate","item-wrap"],"_links":{"self":[{"href":"https:\/\/www.chapelle-montligeon.fr\/index.php?rest_route=\/wp\/v2\/pages\/383","targetHints":{"allow":["GET"]}}],"collection":[{"href":"https:\/\/www.chapelle-montligeon.fr\/index.php?rest_route=\/wp\/v2\/pages"}],"about":[{"href":"https:\/\/www.chapelle-montligeon.fr\/index.php?rest_route=\/wp\/v2\/types\/page"}],"author":[{"embeddable":true,"href":"https:\/\/www.chapelle-montligeon.fr\/index.php?rest_route=\/wp\/v2\/users\/5"}],"replies":[{"embeddable":true,"href":"https:\/\/www.chapelle-montligeon.fr\/index.php?rest_route=%2Fwp%2Fv2%2Fcomments&post=383"}],"version-history":[{"count":3,"href":"https:\/\/www.chapelle-montligeon.fr\/index.php?rest_route=\/wp\/v2\/pages\/383\/revisions"}],"predecessor-version":[{"id":386,"href":"https:\/\/www.chapelle-montligeon.fr\/index.php?rest_route=\/wp\/v2\/pages\/383\/revisions\/386"}],"up":[{"embeddable":true,"href":"https:\/\/www.chapelle-montligeon.fr\/index.php?rest_route=\/wp\/v2\/pages\/340"}],"wp:attachment":[{"href":"https:\/\/www.chapelle-montligeon.fr\/index.php?rest_route=%2Fwp%2Fv2%2Fmedia&parent=383"}],"curies":[{"name":"wp","href":"https:\/\/api.w.org\/{rel}","templated":true}]}}