{"id":437,"date":"2016-06-01T06:59:44","date_gmt":"2016-06-01T06:59:44","guid":{"rendered":"http:\/\/www.chapelle-montligeon.fr\/?page_id=437"},"modified":"2016-06-01T06:59:44","modified_gmt":"2016-06-01T06:59:44","slug":"recensement-citoyen","status":"publish","type":"page","link":"https:\/\/www.chapelle-montligeon.fr\/?page_id=437","title":{"rendered":"Recensement Citoyen"},"content":{"rendered":"<p><img loading=\"lazy\" decoding=\"async\" class=\"size-medium wp-image-438 aligncenter\" src=\"https:\/\/www.chapelle-montligeon.fr\/wp-content\/uploads\/JDC-207x300.jpg\" alt=\"JDC\" width=\"207\" height=\"300\" srcset=\"https:\/\/www.chapelle-montligeon.fr\/wp-content\/uploads\/JDC-207x300.jpg 207w, https:\/\/www.chapelle-montligeon.fr\/wp-content\/uploads\/JDC-768x1111.jpg 768w, https:\/\/www.chapelle-montligeon.fr\/wp-content\/uploads\/JDC-415x600.jpg 415w, https:\/\/www.chapelle-montligeon.fr\/wp-content\/uploads\/JDC.jpg 1180w\" sizes=\"auto, (max-width: 207px) 100vw, 207px\" \/><\/p>\n<p><strong>Recensement militaire (ou citoyen)<\/strong><\/p>\n<p>Sont concern\u00e9s tous les jeunes Fran\u00e7ais ayant atteint l\u2019age de 16 ans.<\/p>\n<p><strong>Pi\u00e8ces \u00e0 produire en se pr\u00e9sentant en mairie<\/strong><\/p>\n<ul>\n<li>Pi\u00e8ce d&rsquo;identit\u00e9 justifiant de la nationalit\u00e9 fran\u00e7aise (carte nationale d&rsquo;identit\u00e9 ou passeport)<\/li>\n<li>Livret de famille \u00e0 jour<\/li>\n<\/ul>\n<h4><strong>Effet du recensement<\/strong><\/h4>\n<h4><strong>Attestation de recensement<\/strong><\/h4>\n<p>\u00c0 la suite du recensement, la mairie d\u00e9livre une attestation de recensement.<\/p>\n<p>La remise de l&rsquo;attestation est souvent accompagn\u00e9e d&rsquo;une brochure d&rsquo;information sur le service national.<\/p>\n<p>Il n&rsquo;est pas d\u00e9livr\u00e9 de duplicata. En cas de perte ou de vol, il est possible de demander un justificatif de recensement au centre du service national dont vous d\u00e9pendez.<\/p>\n<h4><strong>Suite du recensement<\/strong><\/h4>\n<p>Le recensement permet \u00e0 l&rsquo;administration de convoquer le jeune pour qu&rsquo;il effectue la journ\u00e9e d\u00e9fense et citoyennet\u00e9 (JDC).<\/p>\n<p>Apr\u00e8s le recensement, il faut informer les autorit\u00e9s militaires de tout changement de situation.<\/p>\n<p>Le recensement permet aussi l&rsquo;inscription d&rsquo;office du jeune sur les listes \u00e9lectorales \u00e0 ses 18 ans.<\/p>\n<p><strong>\u00c0 savoir :<\/strong><\/p>\n<p>si le jeune est atteint d&rsquo;un handicap, et qu&rsquo;il souhaite \u00eatre dispens\u00e9 de la JDC, il peut pr\u00e9senter d\u00e8s le recensement un certificat m\u00e9dical pr\u00e9cisant qu&rsquo;il est inapte \u00e0 y participer.<\/p>\n<h4><strong>D\u00e9faut de recensement<\/strong><\/h4>\n<p>En cas d&rsquo;absence de recensement, l&rsquo;irr\u00e9gularit\u00e9 est sanctionn\u00e9e par le fait\u00a0:<\/p>\n<ul>\n<li>de ne pas pouvoir participer \u00e0 la JDC et en cons\u00e9quence, de ne pouvoir passer aucun concours ou examens d&rsquo;\u00c9tat avant l&rsquo;\u00e2ge de 25 ans,<\/li>\n<\/ul>\n<ul>\n<li>de ne pas \u00eatre inscrit sur les listes \u00e9lectorales d\u00e8s 18 ans.<\/li>\n<\/ul>\n<p>&nbsp;<\/p>\n<p>Pour plus de renseignement <a href=\"http:\/\/www.defense.gouv.fr\/jdc\/actualite-et-dossiers\">cliquez ici<\/a>.<\/p>\n","protected":false},"excerpt":{"rendered":"<p>Recensement militaire (ou citoyen) Sont concern\u00e9s tous les jeunes Fran\u00e7ais ayant atteint l\u2019age de 16 ans. Pi\u00e8ces \u00e0 produire en se pr\u00e9sentant en mairie Pi\u00e8ce d&rsquo;identit\u00e9 justifiant de la nationalit\u00e9 fran\u00e7aise (carte nationale d&rsquo;identit\u00e9 ou passeport) Livret de famille \u00e0 jour Effet du recensement Attestation de recensement \u00c0 la suite du recensement, la mairie d\u00e9livre &hellip; <\/p>\n<p><a class=\"more-link btn\" href=\"https:\/\/www.chapelle-montligeon.fr\/?page_id=437\">Lire la suite<\/a><\/p>\n","protected":false},"author":5,"featured_media":0,"parent":340,"menu_order":40,"comment_status":"closed","ping_status":"closed","template":"","meta":{"footnotes":""},"class_list":["post-437","page","type-page","status-publish","hentry","nodate","item-wrap"],"_links":{"self":[{"href":"https:\/\/www.chapelle-montligeon.fr\/index.php?rest_route=\/wp\/v2\/pages\/437","targetHints":{"allow":["GET"]}}],"collection":[{"href":"https:\/\/www.chapelle-montligeon.fr\/index.php?rest_route=\/wp\/v2\/pages"}],"about":[{"href":"https:\/\/www.chapelle-montligeon.fr\/index.php?rest_route=\/wp\/v2\/types\/page"}],"author":[{"embeddable":true,"href":"https:\/\/www.chapelle-montligeon.fr\/index.php?rest_route=\/wp\/v2\/users\/5"}],"replies":[{"embeddable":true,"href":"https:\/\/www.chapelle-montligeon.fr\/index.php?rest_route=%2Fwp%2Fv2%2Fcomments&post=437"}],"version-history":[{"count":1,"href":"https:\/\/www.chapelle-montligeon.fr\/index.php?rest_route=\/wp\/v2\/pages\/437\/revisions"}],"predecessor-version":[{"id":439,"href":"https:\/\/www.chapelle-montligeon.fr\/index.php?rest_route=\/wp\/v2\/pages\/437\/revisions\/439"}],"up":[{"embeddable":true,"href":"https:\/\/www.chapelle-montligeon.fr\/index.php?rest_route=\/wp\/v2\/pages\/340"}],"wp:attachment":[{"href":"https:\/\/www.chapelle-montligeon.fr\/index.php?rest_route=%2Fwp%2Fv2%2Fmedia&parent=437"}],"curies":[{"name":"wp","href":"https:\/\/api.w.org\/{rel}","templated":true}]}}