{"id":45,"date":"2010-09-26T17:24:13","date_gmt":"2010-09-26T17:24:13","guid":{"rendered":"http:\/\/www.chapelle-montligeon.fr\/?page_id=45"},"modified":"2026-01-05T14:21:18","modified_gmt":"2026-01-05T13:21:18","slug":"salles","status":"publish","type":"page","link":"https:\/\/www.chapelle-montligeon.fr\/?page_id=45","title":{"rendered":"Location de salles"},"content":{"rendered":"<p style=\"text-align: center;\"><img loading=\"lazy\" decoding=\"async\" class=\"alignnone size-medium wp-image-403\" src=\"https:\/\/www.chapelle-montligeon.fr\/wp-content\/uploads\/SALLE-EXT-300x200.jpg\" alt=\"SALLE EXT\" width=\"300\" height=\"200\" srcset=\"https:\/\/www.chapelle-montligeon.fr\/wp-content\/uploads\/SALLE-EXT-300x200.jpg 300w, https:\/\/www.chapelle-montligeon.fr\/wp-content\/uploads\/SALLE-EXT-768x512.jpg 768w, https:\/\/www.chapelle-montligeon.fr\/wp-content\/uploads\/SALLE-EXT-600x400.jpg 600w, https:\/\/www.chapelle-montligeon.fr\/wp-content\/uploads\/SALLE-EXT.jpg 855w\" sizes=\"auto, (max-width: 300px) 100vw, 300px\" \/><\/p>\n<p style=\"text-align: center;\"><u>LOCATION DE \u00a0SALLES<\/u><\/p>\n<p><strong><u>Salle polyvalente<\/u><\/strong><\/p>\n<p>La salle polyvalente est situ\u00e9e \u00e0 l\u2019entr\u00e9e du village \u00e0 proximit\u00e9 d\u2019un \u00e9tang. Elle comprend une cuisine \u00e9quip\u00e9e d\u2019une chambre froide, d\u2019un piano de cuisson, d\u2019une friteuse, d\u2019un bain Marie, d\u2019un r\u00e9chauffe plat\u00a0 ainsi qu\u2019une machine \u00e0 laver la vaisselle.<\/p>\n<p><strong>La salle lou\u00e9e sans vaisselle<\/strong>\u00a0 est\u00a0 meubl\u00e9e de\u00a0 12 tables rondes d&rsquo;une capacit\u00e9 de 10 couverts (\u00d8 : 1m80) et peut accueillir 120 personnes.<\/p>\n<p><strong>Tarifs de location\u00a0:<\/strong><\/p>\n<p>-Location samedi ou dimanche ou jour f\u00e9ri\u00e9 : 200 \u20ac<\/p>\n<p>&#8211; Formule week-end : 300 \u20ac<\/p>\n<p>&#8211; Location 1 jour de semaine : 100 \u20ac<\/p>\n<p>&#8211; Location 1 demi-journ\u00e9e en week-end ou jour f\u00e9ri\u00e9 : 100 \u20ac<\/p>\n<p>&#8211; Location 1 demi-journ\u00e9e en semaine : 100 \u20ac<\/p>\n<p><strong><br \/>\nArrhes<\/strong> :\u00a0<strong>50% du prix de la location<\/strong><\/p>\n<p><strong>Caution<\/strong> : <strong>5<\/strong><strong>00\u20ac<\/strong><\/p>\n<p>&nbsp;<\/p>\n<p>&nbsp;<\/p>\n<p style=\"text-align: center;\"><em><u><strong>Renseignements, devis et r\u00e9servations <\/strong><\/u><u><strong>(<\/strong><\/u><strong><u>02 33 83 80 20)<\/u><\/strong><\/em><\/p>\n","protected":false},"excerpt":{"rendered":"<p>LOCATION DE \u00a0SALLES Salle polyvalente La salle polyvalente est situ\u00e9e \u00e0 l\u2019entr\u00e9e du village \u00e0 proximit\u00e9 d\u2019un \u00e9tang. Elle comprend une cuisine \u00e9quip\u00e9e d\u2019une chambre froide, d\u2019un piano de cuisson, d\u2019une friteuse, d\u2019un bain Marie, d\u2019un r\u00e9chauffe plat\u00a0 ainsi qu\u2019une machine \u00e0 laver la vaisselle. La salle lou\u00e9e sans vaisselle\u00a0 est\u00a0 meubl\u00e9e de\u00a0 12 tables &hellip; <\/p>\n<p><a class=\"more-link btn\" href=\"https:\/\/www.chapelle-montligeon.fr\/?page_id=45\">Lire la suite<\/a><\/p>\n","protected":false},"author":5,"featured_media":0,"parent":344,"menu_order":12,"comment_status":"closed","ping_status":"closed","template":"","meta":{"footnotes":""},"class_list":["post-45","page","type-page","status-publish","hentry","nodate","item-wrap"],"_links":{"self":[{"href":"https:\/\/www.chapelle-montligeon.fr\/index.php?rest_route=\/wp\/v2\/pages\/45","targetHints":{"allow":["GET"]}}],"collection":[{"href":"https:\/\/www.chapelle-montligeon.fr\/index.php?rest_route=\/wp\/v2\/pages"}],"about":[{"href":"https:\/\/www.chapelle-montligeon.fr\/index.php?rest_route=\/wp\/v2\/types\/page"}],"author":[{"embeddable":true,"href":"https:\/\/www.chapelle-montligeon.fr\/index.php?rest_route=\/wp\/v2\/users\/5"}],"replies":[{"embeddable":true,"href":"https:\/\/www.chapelle-montligeon.fr\/index.php?rest_route=%2Fwp%2Fv2%2Fcomments&post=45"}],"version-history":[{"count":24,"href":"https:\/\/www.chapelle-montligeon.fr\/index.php?rest_route=\/wp\/v2\/pages\/45\/revisions"}],"predecessor-version":[{"id":3406,"href":"https:\/\/www.chapelle-montligeon.fr\/index.php?rest_route=\/wp\/v2\/pages\/45\/revisions\/3406"}],"up":[{"embeddable":true,"href":"https:\/\/www.chapelle-montligeon.fr\/index.php?rest_route=\/wp\/v2\/pages\/344"}],"wp:attachment":[{"href":"https:\/\/www.chapelle-montligeon.fr\/index.php?rest_route=%2Fwp%2Fv2%2Fmedia&parent=45"}],"curies":[{"name":"wp","href":"https:\/\/api.w.org\/{rel}","templated":true}]}}