{"id":462,"date":"2016-06-02T08:47:00","date_gmt":"2016-06-02T08:47:00","guid":{"rendered":"http:\/\/www.chapelle-montligeon.fr\/?page_id=462"},"modified":"2016-06-29T08:10:48","modified_gmt":"2016-06-29T08:10:48","slug":"chiens-dangereux","status":"publish","type":"page","link":"https:\/\/www.chapelle-montligeon.fr\/?page_id=462","title":{"rendered":"Chiens dangereux"},"content":{"rendered":"<p><strong>Permis de d\u00e9tention de chien dangereux<\/strong><\/p>\n<p>La d\u00e9tention d&rsquo;un chien pouvant \u00eatre dangereux (chiens d&rsquo;attaque, de garde ou de d\u00e9fense) n\u00e9cessite un permis. La d\u00e9livrance de ce permis se fait suite \u00e0 une formation d&rsquo;aptitude \u00e0 la d\u00e9tention de l&rsquo;animal et d&rsquo;une \u00e9valuation comportementale de l&rsquo;animal. Avoir un chien pouvant \u00eatre dangereux sans permis fait l&rsquo;objet de sanctions.<\/p>\n<p><strong>Proc\u00e9dure<\/strong><\/p>\n<p>Le propri\u00e9taire doit demander un permis \u00e0 la mairie de son domicile<\/p>\n<p>La demande se fait en remplissant le formulaire cerfa n\u00b013996*01.<\/p>\n<p>Si la personne poss\u00e8de plusieurs chiens, une demande de permis doit \u00eatre fait pour chaque chien.<\/p>\n<p>Si le chien n&rsquo;a pas atteint 8 mois, il ne peut pas faire l&rsquo;objet d&rsquo;une \u00e9valuation comportementale. Un permis provisoire, valable jusqu&rsquo;\u00e0 ce que le chien ait 1 an, peut \u00eatre d\u00e9livr\u00e9. La demande se fait par le formulaire cerfa n\u00b013997*01.<\/p>\n<p>Le formulaire doit \u00eatre accompagn\u00e9 des pi\u00e8ces suivantes\u00a0:<\/p>\n<ul>\n<li>un justificatif d&rsquo;identification du chien (par exemple, passeport europ\u00e9en du chien),<\/li>\n<li>pour un chien de 2<sup>\u00e8<\/sup> cat\u00e9gorie, un justificatif du pedigree,<\/li>\n<\/ul>\n<ul>\n<li>le certificat de vaccination contre la rage du chien en cours de validit\u00e9,<\/li>\n<li>le certificat v\u00e9t\u00e9rinaire de l&rsquo;\u00e9valuation comportementale du chien (sauf s&rsquo;il a moins de 8 mois),<\/li>\n<li>l&rsquo;attestation d&rsquo;aptitude du propri\u00e9taire,<\/li>\n<li>une attestation d&rsquo;assurance responsabilit\u00e9 civile en cours de validit\u00e9 pour les dommages caus\u00e9s aux tiers par le chien,<\/li>\n<li>un certificat de st\u00e9rilisation pour les chiens de 1<sup>\u00e8re<\/sup> cat\u00e9gorie.<\/li>\n<\/ul>\n<p><strong>D\u00e9livrance<\/strong><\/p>\n<p>Le permis est d\u00e9livr\u00e9 par arr\u00eat\u00e9 municipal.<\/p>\n<p>Le titulaire du permis doit le retirer en mairie muni de l&rsquo;original du passeport europ\u00e9en pour animal de compagnie de son chien.<\/p>\n<p>Aucun permis de d\u00e9tention n&rsquo;est d\u00e9livr\u00e9 sans la pr\u00e9sentation de ce passeport.<\/p>\n<p>Le maire peut refuser la d\u00e9livrance du permis, si les r\u00e9sultats de l&rsquo;\u00e9valuation comportementale du chien le justifient. Le refus est adress\u00e9 au propri\u00e9taire et doit \u00eatre motiv\u00e9.<\/p>\n<p><strong>Dur\u00e9e de validit\u00e9<\/strong><\/p>\n<p>Le permis de d\u00e9tention n&rsquo;a pas de dur\u00e9e de validit\u00e9.<\/p>\n<p>Cependant, le propri\u00e9taire du chien doit en permanence v\u00e9rifier qu&rsquo;il remplit les conditions pour le d\u00e9tenir (par exemple, vaccin contre la rage valide). Sinon, le permis est retir\u00e9.<\/p>\n<p>En cas de changement de commune de r\u00e9sidence, le propri\u00e9taire du chien doit pr\u00e9senter son permis de d\u00e9tention \u00e0 la mairie de son nouveau domicile.<\/p>\n<p><strong>Sanctions<\/strong><\/p>\n<p>Le d\u00e9faut de pr\u00e9sentation du permis de d\u00e9tention ou autre justificatif \u00e0 la demande des forces de l&rsquo;ordre peut \u00eatre puni d&rsquo;une amende pouvant aller jusqu&rsquo;\u00e0 450\u00a0\u20ac. La personne qui d\u00e9tient \u00e0 titre provisoire un chien cat\u00e9goris\u00e9, \u00e0 la demande de son propri\u00e9taire, n&rsquo;a pas \u00e0 \u00eatre titulaire elle-m\u00eame d&rsquo;un permis de d\u00e9tention (par exemple, conjoint, enfant ou voisin). Toutefois, elle doit pouvoir pr\u00e9senter l&rsquo;original ou une copie du permis de d\u00e9tention du propri\u00e9taire du chien, \u00e0 toute r\u00e9quisition des forces de l&rsquo;ordre.<\/p>\n<p>L&rsquo;absence de permis pour la d\u00e9tention pouvant \u00eatre dangereux est puni d&rsquo;une amende pouvant aller jusqu&rsquo;\u00e0 750\u00a0\u20ac.<\/p>\n<p>Dans ce cas, le maire (ou la pr\u00e9fecture \u00e0 Paris) met en demeure le propri\u00e9taire. Il a un mois pour r\u00e9gulariser la situation.<\/p>\n<p>A d\u00e9faut de r\u00e9gularisation\u00a0:<\/p>\n<ul>\n<li>le chien peut \u00eatre plac\u00e9 en fourri\u00e8re et euthanasi\u00e9 ou confisqu\u00e9,<\/li>\n<\/ul>\n<ul>\n<li>le propri\u00e9taire risque jusqu&rsquo;\u00e0 3 mois de prison et 3\u00a0750\u00a0\u20ac d&rsquo;amende et l&rsquo;interdiction de d\u00e9tenir un animal (d\u00e9finitivement ou temporairement)<\/li>\n<\/ul>\n<p><strong>\u00c0 noter :<\/strong><\/p>\n<p>les frais de capture, de transport, de garde et d&rsquo;euthanasie de l&rsquo;animal sont \u00e0 la charge de son propri\u00e9taire.<\/p>\n<p><strong>\u00a0<\/strong><\/p>\n<p><strong>\u00a0<\/strong><\/p>\n","protected":false},"excerpt":{"rendered":"<p>Permis de d\u00e9tention de chien dangereux La d\u00e9tention d&rsquo;un chien pouvant \u00eatre dangereux (chiens d&rsquo;attaque, de garde ou de d\u00e9fense) n\u00e9cessite un permis. La d\u00e9livrance de ce permis se fait suite \u00e0 une formation d&rsquo;aptitude \u00e0 la d\u00e9tention de l&rsquo;animal et d&rsquo;une \u00e9valuation comportementale de l&rsquo;animal. Avoir un chien pouvant \u00eatre dangereux sans permis fait &hellip; <\/p>\n<p><a class=\"more-link btn\" href=\"https:\/\/www.chapelle-montligeon.fr\/?page_id=462\">Lire la suite<\/a><\/p>\n","protected":false},"author":5,"featured_media":0,"parent":340,"menu_order":200,"comment_status":"closed","ping_status":"closed","template":"","meta":{"footnotes":""},"class_list":["post-462","page","type-page","status-publish","hentry","nodate","item-wrap"],"_links":{"self":[{"href":"https:\/\/www.chapelle-montligeon.fr\/index.php?rest_route=\/wp\/v2\/pages\/462","targetHints":{"allow":["GET"]}}],"collection":[{"href":"https:\/\/www.chapelle-montligeon.fr\/index.php?rest_route=\/wp\/v2\/pages"}],"about":[{"href":"https:\/\/www.chapelle-montligeon.fr\/index.php?rest_route=\/wp\/v2\/types\/page"}],"author":[{"embeddable":true,"href":"https:\/\/www.chapelle-montligeon.fr\/index.php?rest_route=\/wp\/v2\/users\/5"}],"replies":[{"embeddable":true,"href":"https:\/\/www.chapelle-montligeon.fr\/index.php?rest_route=%2Fwp%2Fv2%2Fcomments&post=462"}],"version-history":[{"count":1,"href":"https:\/\/www.chapelle-montligeon.fr\/index.php?rest_route=\/wp\/v2\/pages\/462\/revisions"}],"predecessor-version":[{"id":463,"href":"https:\/\/www.chapelle-montligeon.fr\/index.php?rest_route=\/wp\/v2\/pages\/462\/revisions\/463"}],"up":[{"embeddable":true,"href":"https:\/\/www.chapelle-montligeon.fr\/index.php?rest_route=\/wp\/v2\/pages\/340"}],"wp:attachment":[{"href":"https:\/\/www.chapelle-montligeon.fr\/index.php?rest_route=%2Fwp%2Fv2%2Fmedia&parent=462"}],"curies":[{"name":"wp","href":"https:\/\/api.w.org\/{rel}","templated":true}]}}