{"id":466,"date":"2016-06-02T09:19:10","date_gmt":"2016-06-02T09:19:10","guid":{"rendered":"http:\/\/www.chapelle-montligeon.fr\/?page_id=466"},"modified":"2016-06-02T09:34:40","modified_gmt":"2016-06-02T09:34:40","slug":"funeraire","status":"publish","type":"page","link":"https:\/\/www.chapelle-montligeon.fr\/?page_id=466","title":{"rendered":"Fun\u00e9raire"},"content":{"rendered":"<h4><strong>D\u00e9c\u00e8s sur la commune<\/strong><\/h4>\n<p>Une personne ayant constat\u00e9 le d\u00e9c\u00e8s vient se pr\u00e9senter en mairie pour la r\u00e9daction de l&rsquo;acte de d\u00e9c\u00e8s muni :<\/p>\n<ul>\n<li>du certificat de d\u00e9c\u00e8s du m\u00e9decin<\/li>\n<li>du livret de famille<\/li>\n<li>des documents d\u00e9livr\u00e9s par les pompes fun\u00e8bres<\/li>\n<\/ul>\n<p>Des copies d&rsquo;actes de d\u00e9c\u00e8s, des extrait d&rsquo;acte de d\u00e9c\u00e8s et des bulletins de d\u00e9c\u00e8s vous seront remis.<\/p>\n<h5><strong>Achat d&rsquo;une concession<\/strong><\/h5>\n<p>Pour l&rsquo;achat d&rsquo;une concession dans le cimeti\u00e8re communal de La Chapelle Montligeon, se pr\u00e9senter en mairie muni :<\/p>\n<ul>\n<li>du livret de famille<\/li>\n<li>d&rsquo;un justificatif de domicile<\/li>\n<li>du ch\u00e8que libell\u00e9 \u00e0 l&rsquo;ordre du tr\u00e9sor public selon les tarifs suivant :<\/li>\n<\/ul>\n<p>Emplacement caveau 50 ans <strong>200\u20ac<\/strong><\/p>\n<p>Emplacement caveau 30 ans <strong>144\u20ac<\/strong><\/p>\n<p>Emplacement cavurne 50 ans <strong>100\u20ac<\/strong><\/p>\n<p>Emplacement cavurne 30 ans <strong>75\u20ac<\/strong><\/p>\n","protected":false},"excerpt":{"rendered":"<p>D\u00e9c\u00e8s sur la commune Une personne ayant constat\u00e9 le d\u00e9c\u00e8s vient se pr\u00e9senter en mairie pour la r\u00e9daction de l&rsquo;acte de d\u00e9c\u00e8s muni : du certificat de d\u00e9c\u00e8s du m\u00e9decin du livret de famille des documents d\u00e9livr\u00e9s par les pompes fun\u00e8bres Des copies d&rsquo;actes de d\u00e9c\u00e8s, des extrait d&rsquo;acte de d\u00e9c\u00e8s et des bulletins de &hellip; <\/p>\n<p><a class=\"more-link btn\" href=\"https:\/\/www.chapelle-montligeon.fr\/?page_id=466\">Lire la suite<\/a><\/p>\n","protected":false},"author":5,"featured_media":471,"parent":370,"menu_order":40,"comment_status":"closed","ping_status":"closed","template":"","meta":{"footnotes":""},"class_list":["post-466","page","type-page","status-publish","has-post-thumbnail","hentry","nodate","item-wrap"],"_links":{"self":[{"href":"https:\/\/www.chapelle-montligeon.fr\/index.php?rest_route=\/wp\/v2\/pages\/466","targetHints":{"allow":["GET"]}}],"collection":[{"href":"https:\/\/www.chapelle-montligeon.fr\/index.php?rest_route=\/wp\/v2\/pages"}],"about":[{"href":"https:\/\/www.chapelle-montligeon.fr\/index.php?rest_route=\/wp\/v2\/types\/page"}],"author":[{"embeddable":true,"href":"https:\/\/www.chapelle-montligeon.fr\/index.php?rest_route=\/wp\/v2\/users\/5"}],"replies":[{"embeddable":true,"href":"https:\/\/www.chapelle-montligeon.fr\/index.php?rest_route=%2Fwp%2Fv2%2Fcomments&post=466"}],"version-history":[{"count":1,"href":"https:\/\/www.chapelle-montligeon.fr\/index.php?rest_route=\/wp\/v2\/pages\/466\/revisions"}],"predecessor-version":[{"id":467,"href":"https:\/\/www.chapelle-montligeon.fr\/index.php?rest_route=\/wp\/v2\/pages\/466\/revisions\/467"}],"up":[{"embeddable":true,"href":"https:\/\/www.chapelle-montligeon.fr\/index.php?rest_route=\/wp\/v2\/pages\/370"}],"wp:featuredmedia":[{"embeddable":true,"href":"https:\/\/www.chapelle-montligeon.fr\/index.php?rest_route=\/wp\/v2\/media\/471"}],"wp:attachment":[{"href":"https:\/\/www.chapelle-montligeon.fr\/index.php?rest_route=%2Fwp%2Fv2%2Fmedia&parent=466"}],"curies":[{"name":"wp","href":"https:\/\/api.w.org\/{rel}","templated":true}]}}