{"id":477,"date":"2016-06-02T11:40:42","date_gmt":"2016-06-02T11:40:42","guid":{"rendered":"http:\/\/www.chapelle-montligeon.fr\/?page_id=477"},"modified":"2018-12-06T17:31:41","modified_gmt":"2018-12-06T17:31:41","slug":"tri-selectif","status":"publish","type":"page","link":"https:\/\/www.chapelle-montligeon.fr\/?page_id=477","title":{"rendered":"Gestion des ordures"},"content":{"rendered":"<h3 style=\"text-align: center;\"><strong>Les ordures m\u00e9nag\u00e8res<\/strong><\/h3>\n<p>Le ramassage des ordures m\u00e9nag\u00e8res est effectu\u00e9 tous les mercredis matin.<\/p>\n<p><img loading=\"lazy\" decoding=\"async\" class=\"alignnone  wp-image-1904\" src=\"https:\/\/www.chapelle-montligeon.fr\/wp-content\/uploads\/SMIRTOM-210x300.jpg\" alt=\"\" width=\"770\" height=\"1100\" srcset=\"https:\/\/www.chapelle-montligeon.fr\/wp-content\/uploads\/SMIRTOM-210x300.jpg 210w, https:\/\/www.chapelle-montligeon.fr\/wp-content\/uploads\/SMIRTOM-768x1096.jpg 768w, https:\/\/www.chapelle-montligeon.fr\/wp-content\/uploads\/SMIRTOM-421x600.jpg 421w\" sizes=\"auto, (max-width: 770px) 100vw, 770px\" \/><\/p>\n<h3 style=\"text-align: center;\"><\/h3>\n<h3 style=\"text-align: center;\"><strong>Le tri s\u00e9lectif<\/strong><\/h3>\n<h3><strong><img loading=\"lazy\" decoding=\"async\" class=\"wp-image-484 aligncenter\" src=\"https:\/\/www.chapelle-montligeon.fr\/wp-content\/uploads\/gestion_des_dechets_paragraphe.jpg\" alt=\"gestion_des_dechets_paragraphe\" width=\"111\" height=\"105\" \/><\/strong><\/h3>\n<p>Les containers de tri s\u00e9lectif sont \u00e0 votre disposition \u00e0 proximit\u00e9 du cimeti\u00e8re.<\/p>\n<p>&nbsp;<\/p>\n<ul>\n<li><strong>Modifications des ouvertures et des consignes de tri\u00a0:<\/strong><\/li>\n<\/ul>\n<p>&nbsp;<\/p>\n<p>Dans le m\u00eame conteneur vous pouvez d\u00e9poser les emballages plastiques (bouteilles d\u2019eau min\u00e9rale, soda, huile, lessive, produits d\u2019entretien, flaconnages, shampooing, gel douche, bo\u00eetes m\u00e9talliques, a\u00e9rosols, briques alimentaires) et les emballages en cartons, journaux, magazines, papiers.<\/p>\n<p>&nbsp;<\/p>\n<p>Cette modification est intervenue en d\u00e9but d\u2019ann\u00e9e car le tri s\u00e9lectif est collect\u00e9 en mono flux et est achemin\u00e9 jusqu\u2019au centre de tri ValorP\u00f4le au Mans. Cette nouvelle unit\u00e9 est \u00e9quip\u00e9e d\u2019un process plus performant permettant ainsi de trier plus d\u2019emballages par mati\u00e8re. Ce centre de tri, nouvelle g\u00e9n\u00e9ration permet la mise en \u0153uvre de proc\u00e9d\u00e9s industriels modulables et \u00e9volutifs acceptant \u00e0 terme une valorisation optimale.<\/p>\n<p>&nbsp;<\/p>\n<p>Ce changement facilite \u00e9galement le geste du tri des usagers.<\/p>\n<p>&nbsp;<\/p>\n<p><strong>Dans le conteneur \u00e0 bande jaune<\/strong> : on y d\u00e9pose les emballages plastique (bouteilles), les emballages en m\u00e9tal (cannettes, a\u00e9rosols, bo\u00eetes de conserve) et les briques alimentaires (briques de lait, de soupe)<strong> ainsi que\u00a0<\/strong> les journaux, magazines, cartonnettes, revues.<\/p>\n<p><strong>Dans le conteneur \u00e0 bande verte<\/strong> : on y d\u00e9pose les bouteilles en verre, les pots et bocaux.<\/p>\n<p>Pour connaitre les modalit\u00e9s de tri de La Chapelle Montligeon <a href=\"https:\/\/www.chapelle-montligeon.fr\/wp-content\/uploads\/743215-Aidememoiremonoflux.pdf\">cliquez ici<\/a>.<\/p>\n<p>&nbsp;<\/p>\n<h3 style=\"text-align: center;\"><strong>Les d\u00e9ch\u00e8teries<\/strong><\/h3>\n<p><img loading=\"lazy\" decoding=\"async\" class=\"wp-image-485 aligncenter\" src=\"https:\/\/www.chapelle-montligeon.fr\/wp-content\/uploads\/dechetterie-300x231.jpg\" alt=\"dechetterie\" width=\"121\" height=\"93\" srcset=\"https:\/\/www.chapelle-montligeon.fr\/wp-content\/uploads\/dechetterie-300x231.jpg 300w, https:\/\/www.chapelle-montligeon.fr\/wp-content\/uploads\/dechetterie-768x592.jpg 768w, https:\/\/www.chapelle-montligeon.fr\/wp-content\/uploads\/dechetterie-600x463.jpg 600w, https:\/\/www.chapelle-montligeon.fr\/wp-content\/uploads\/dechetterie.jpg 800w\" sizes=\"auto, (max-width: 121px) 100vw, 121px\" \/><\/p>\n<h2>RAPPEL<\/h2>\n<p>Les d\u00e9ch\u00e8teries ne re\u00e7oivent pas d&rsquo;ordures m\u00e9nag\u00e8res et sont accessibles aux d\u00e9tenteurs du badge SMIRTOM disponible dans les d\u00e9ch\u00e8teries sur pr\u00e9sentation d&rsquo;un justificatif de domicile (EDF, quittance de loyer).<\/p>\n<div class=\"block_12\">\n<div class=\"FicheContenu type0 \">\n<h3>DECHETERIES : Colonard-Corubert, Mortagne au Perche et R\u00e9malard, accessibles aux artisans ayant sign\u00e9 une convention avec le SMIRTOM.<\/h3>\n<\/div>\n<\/div>\n<div class=\"block_12\">\n<div class=\"FicheContenu type1A\">\n<h3><ins>Colonard-Corubert<\/ins> : 02 33 73 70 99<br \/>\n(ouverte du lundi au samedi de 9h \u00e0 12h et de 14h \u00e0 18h)<\/h3>\n<h3><ins>Mortagne au Perche<\/ins> : 02 33 25 59 83<\/h3>\n<h3>(ouverte du lundi au samedi de 9h \u00e0 19h)<\/h3>\n<h3><ins>R\u00e9malard<\/ins> : 02 33 83 07 43<\/h3>\n<h3>(ouverte du lundi au samedi de 9h \u00e0 19)<\/h3>\n<p>Vous y d\u00e9poserez : les encombrants, les d\u00e9chets verts, les m\u00e9taux, les gravats, le bois, le pl\u00e2tre, les DMS (D\u00e9chets M\u00e9nagers Sp\u00e9ciaux ) &#8211; (batteries, peintures, n\u00e9ons, solvants, phitosanitaires, radiographies, etc), les cartons, les huiles moteur, les v\u00eatements, les douilles de fusils, les piles, les lampes d&rsquo;\u00e9clairage \u00e0 l&rsquo;exception des ampoules \u00e0 filament et ampoules halog\u00e8nes et les DEEE (D\u00e9chets d&rsquo;Equipement Electriques et Electroniques) ,<\/p>\n<p>&nbsp;<\/p>\n<p>Toutes les d\u00e9ch\u00e8teries sont \u00e9quip\u00e9es de conteneurs de tri s\u00e9lectif.<\/p>\n<\/div>\n<\/div>\n<p>&nbsp;<\/p>\n<h3 style=\"text-align: center;\"><\/h3>\n<p>&nbsp;<\/p>\n<p>&nbsp;<\/p>\n","protected":false},"excerpt":{"rendered":"<p>Les ordures m\u00e9nag\u00e8res Le ramassage des ordures m\u00e9nag\u00e8res est effectu\u00e9 tous les mercredis matin. Le tri s\u00e9lectif Les containers de tri s\u00e9lectif sont \u00e0 votre disposition \u00e0 proximit\u00e9 du cimeti\u00e8re. &nbsp; Modifications des ouvertures et des consignes de tri\u00a0: &nbsp; Dans le m\u00eame conteneur vous pouvez d\u00e9poser les emballages plastiques (bouteilles d\u2019eau min\u00e9rale, soda, huile, &hellip; <\/p>\n<p><a class=\"more-link btn\" href=\"https:\/\/www.chapelle-montligeon.fr\/?page_id=477\">Lire la suite<\/a><\/p>\n","protected":false},"author":5,"featured_media":484,"parent":475,"menu_order":10,"comment_status":"closed","ping_status":"closed","template":"","meta":{"footnotes":""},"class_list":["post-477","page","type-page","status-publish","has-post-thumbnail","hentry","nodate","item-wrap"],"_links":{"self":[{"href":"https:\/\/www.chapelle-montligeon.fr\/index.php?rest_route=\/wp\/v2\/pages\/477","targetHints":{"allow":["GET"]}}],"collection":[{"href":"https:\/\/www.chapelle-montligeon.fr\/index.php?rest_route=\/wp\/v2\/pages"}],"about":[{"href":"https:\/\/www.chapelle-montligeon.fr\/index.php?rest_route=\/wp\/v2\/types\/page"}],"author":[{"embeddable":true,"href":"https:\/\/www.chapelle-montligeon.fr\/index.php?rest_route=\/wp\/v2\/users\/5"}],"replies":[{"embeddable":true,"href":"https:\/\/www.chapelle-montligeon.fr\/index.php?rest_route=%2Fwp%2Fv2%2Fcomments&post=477"}],"version-history":[{"count":8,"href":"https:\/\/www.chapelle-montligeon.fr\/index.php?rest_route=\/wp\/v2\/pages\/477\/revisions"}],"predecessor-version":[{"id":1907,"href":"https:\/\/www.chapelle-montligeon.fr\/index.php?rest_route=\/wp\/v2\/pages\/477\/revisions\/1907"}],"up":[{"embeddable":true,"href":"https:\/\/www.chapelle-montligeon.fr\/index.php?rest_route=\/wp\/v2\/pages\/475"}],"wp:featuredmedia":[{"embeddable":true,"href":"https:\/\/www.chapelle-montligeon.fr\/index.php?rest_route=\/wp\/v2\/media\/484"}],"wp:attachment":[{"href":"https:\/\/www.chapelle-montligeon.fr\/index.php?rest_route=%2Fwp%2Fv2%2Fmedia&parent=477"}],"curies":[{"name":"wp","href":"https:\/\/api.w.org\/{rel}","templated":true}]}}