{"id":497,"date":"2016-06-02T12:53:44","date_gmt":"2016-06-02T12:53:44","guid":{"rendered":"http:\/\/www.chapelle-montligeon.fr\/?page_id=497"},"modified":"2016-06-22T08:50:35","modified_gmt":"2016-06-22T08:50:35","slug":"dejections-de-chiens","status":"publish","type":"page","link":"https:\/\/www.chapelle-montligeon.fr\/?page_id=497","title":{"rendered":"D\u00e9jections de chiens"},"content":{"rendered":"<p align=\"center\">Pendant les promenades quotidiennes de vos animaux<\/p>\n<p align=\"center\">VEUILLEZ\u00a0<u>RAMASSER<\/u><span style=\"color: #000000;\"> LES <\/span><u><span style=\"color: #000000;\">DEJECTIONS<\/span><\/u><\/p>\n<p align=\"center\">MERCI<\/p>\n<p align=\"center\"><span style=\"color: #000000;\"><img loading=\"lazy\" decoding=\"async\" class=\"alignnone size-medium wp-image-498\" src=\"https:\/\/www.chapelle-montligeon.fr\/wp-content\/uploads\/chien-tt-width-604-height-410-attachment_id-274218-300x204.jpg\" alt=\"chien-tt-width-604-height-410-attachment_id-274218\" width=\"300\" height=\"204\" srcset=\"https:\/\/www.chapelle-montligeon.fr\/wp-content\/uploads\/chien-tt-width-604-height-410-attachment_id-274218-300x204.jpg 300w, https:\/\/www.chapelle-montligeon.fr\/wp-content\/uploads\/chien-tt-width-604-height-410-attachment_id-274218-600x407.jpg 600w, https:\/\/www.chapelle-montligeon.fr\/wp-content\/uploads\/chien-tt-width-604-height-410-attachment_id-274218.jpg 604w\" sizes=\"auto, (max-width: 300px) 100vw, 300px\" \/><\/span><\/p>\n<h1 style=\"text-align: center;\"><span style=\"color: #ff0000;\"><strong>AMENDE = 35\u20ac <\/strong><strong>*<\/strong><\/span><\/h1>\n<h5><em>* D\u2019apr\u00e8s le d\u00e9cret n\u00b0 2007-1388 du 26 septembre 2007 pris pour l\u2019application de la loi n\u00b0 2007-297 du 5 mars 2007 relative \u00e0 la pr\u00e9vention de la d\u00e9linquance modifiant le code p\u00e9nal ( article 632-1) et le code de proc\u00e9dure p\u00e9nale (Article R48-1) les d\u00e9jections canines sont passibles de l\u2019amende forfaitaire de classe 2, soit un montant de 35 euros.<\/em><\/h5>\n<p>En outre nous rappelons que un animal de compagnie hors de la surveillance de son ma\u00eetre est <strong>un animal errant<\/strong>.<\/p>\n<p>Il est interdit de laisser errer les animaux domestiques et de fa\u00e7on g\u00e9n\u00e9rale tout animal domestique quel qu\u2019il soit, de les abandonner ou d\u2019attirer des animaux errants avec de la nourriture. Ceci peut occasionner des troubles importants de la tranquillit\u00e9 et de la s\u00e9curit\u00e9 publiques.<\/p>\n<p>En rappel, l\u2019identification des chiens et chats en France est obligatoire avant toute cession \u00e0 titre gratuit ou on\u00e9reux. Rendue obligatoire pour les chiens en 1999, cette obligation s\u2019est \u00e9tendue depuis le 1er janvier 2012 \u00a0aux chats, n\u00e9s apr\u00e8s le 1er janvier 2012, d\u00e8s lors qu\u2019ils sont \u00e2g\u00e9s de plus de sept mois.<\/p>\n","protected":false},"excerpt":{"rendered":"<p>Pendant les promenades quotidiennes de vos animaux VEUILLEZ\u00a0RAMASSER LES DEJECTIONS MERCI AMENDE = 35\u20ac * * D\u2019apr\u00e8s le d\u00e9cret n\u00b0 2007-1388 du 26 septembre 2007 pris pour l\u2019application de la loi n\u00b0 2007-297 du 5 mars 2007 relative \u00e0 la pr\u00e9vention de la d\u00e9linquance modifiant le code p\u00e9nal ( article 632-1) et le code de &hellip; <\/p>\n<p><a class=\"more-link btn\" href=\"https:\/\/www.chapelle-montligeon.fr\/?page_id=497\">Lire la suite<\/a><\/p>\n","protected":false},"author":5,"featured_media":498,"parent":494,"menu_order":20,"comment_status":"closed","ping_status":"closed","template":"","meta":{"footnotes":""},"class_list":["post-497","page","type-page","status-publish","has-post-thumbnail","hentry","nodate","item-wrap"],"_links":{"self":[{"href":"https:\/\/www.chapelle-montligeon.fr\/index.php?rest_route=\/wp\/v2\/pages\/497","targetHints":{"allow":["GET"]}}],"collection":[{"href":"https:\/\/www.chapelle-montligeon.fr\/index.php?rest_route=\/wp\/v2\/pages"}],"about":[{"href":"https:\/\/www.chapelle-montligeon.fr\/index.php?rest_route=\/wp\/v2\/types\/page"}],"author":[{"embeddable":true,"href":"https:\/\/www.chapelle-montligeon.fr\/index.php?rest_route=\/wp\/v2\/users\/5"}],"replies":[{"embeddable":true,"href":"https:\/\/www.chapelle-montligeon.fr\/index.php?rest_route=%2Fwp%2Fv2%2Fcomments&post=497"}],"version-history":[{"count":3,"href":"https:\/\/www.chapelle-montligeon.fr\/index.php?rest_route=\/wp\/v2\/pages\/497\/revisions"}],"predecessor-version":[{"id":598,"href":"https:\/\/www.chapelle-montligeon.fr\/index.php?rest_route=\/wp\/v2\/pages\/497\/revisions\/598"}],"up":[{"embeddable":true,"href":"https:\/\/www.chapelle-montligeon.fr\/index.php?rest_route=\/wp\/v2\/pages\/494"}],"wp:featuredmedia":[{"embeddable":true,"href":"https:\/\/www.chapelle-montligeon.fr\/index.php?rest_route=\/wp\/v2\/media\/498"}],"wp:attachment":[{"href":"https:\/\/www.chapelle-montligeon.fr\/index.php?rest_route=%2Fwp%2Fv2%2Fmedia&parent=497"}],"curies":[{"name":"wp","href":"https:\/\/api.w.org\/{rel}","templated":true}]}}