{"id":565,"date":"2016-06-21T10:31:44","date_gmt":"2016-06-21T10:31:44","guid":{"rendered":"http:\/\/www.chapelle-montligeon.fr\/?page_id=565"},"modified":"2020-11-18T10:36:51","modified_gmt":"2020-11-18T10:36:51","slug":"demandes-durbanisme","status":"publish","type":"page","link":"https:\/\/www.chapelle-montligeon.fr\/?page_id=565","title":{"rendered":"Demandes d&rsquo;urbanisme"},"content":{"rendered":"<header id=\"headerPage\">\n<h1 data-test=\"titre-page\">Autorisations d&rsquo;urbanisme<\/h1>\n<\/header>\n<div id=\"intro\" class=\"lead\">\n<p>La d\u00e9livrance d&rsquo;une autorisation d&rsquo;urbanisme permet \u00e0 la commune de v\u00e9rifier la conformit\u00e9 des travaux par rapport aux r\u00e8gles d&rsquo;urbanisme. Selon l&rsquo;importance des travaux, il faut d\u00e9poser un permis (permis de construire, d&rsquo;am\u00e9nager&#8230;) ou une d\u00e9claration pr\u00e9alable en mairie. Avant de commencer les travaux, il est recommand\u00e9 de demander un certificat d&rsquo;urbanisme pour obtenir des informations sur le terrain faisant l&rsquo;objet de travaux.<\/p>\n<\/div>\n<div class=\"content-fiche\">\n<div class=\"row row-theme\">\n<div class=\"sous-theme\">\n<ul id=\"fiches\">\n<li><a href=\"https:\/\/www.service-public.fr\/particuliers\/vosdroits\/F1633\" data-xiti-name=\"Particuliers::Vos_droits::Navigation_Directe::Certificat_d'urbanisme\"><span style=\"color: #0066cc;\"><u>Certificat d&rsquo;urbanisme<\/u><\/span><\/a><\/li>\n<li><a href=\"https:\/\/www.service-public.fr\/particuliers\/vosdroits\/F17578\" data-xiti-name=\"Particuliers::Vos_droits::Navigation_Directe::D\u00e9claration_pr\u00e9alable_de_travaux\"><span style=\"color: #0066cc;\"><u>D\u00e9claration pr\u00e9alable de travaux<\/u><\/span><\/a><\/li>\n<li><a href=\"https:\/\/www.service-public.fr\/particuliers\/vosdroits\/F1986\" data-xiti-name=\"Particuliers::Vos_droits::Navigation_Directe::Permis_de_construire\"><u><span style=\"color: #0066cc;\">Permis de construire<\/span><\/u><\/a><\/li>\n<li><a href=\"https:\/\/www.service-public.fr\/particuliers\/vosdroits\/F17665\" data-xiti-name=\"Particuliers::Vos_droits::Navigation_Directe::Permis_d'am\u00e9nager\"><u><span style=\"color: #0066cc;\">Permis d&rsquo;am\u00e9nager<\/span><\/u><\/a><\/li>\n<li><a href=\"https:\/\/www.service-public.fr\/particuliers\/vosdroits\/F19450\" data-xiti-name=\"Particuliers::Vos_droits::Navigation_Directe::Permis_modificatif_(permis_de_construire_ou_d'am\u00e9nager)\"><u><span style=\"color: #0066cc;\">Permis modificatif (permis de construire ou d&rsquo;am\u00e9nager)<\/span><\/u><\/a><\/li>\n<li><a href=\"https:\/\/www.service-public.fr\/particuliers\/vosdroits\/F17669\" data-xiti-name=\"Particuliers::Vos_droits::Navigation_Directe::Permis_de_d\u00e9molir\"><u><span style=\"color: #0066cc;\">Permis de d\u00e9molir<\/span><\/u><\/a><\/li>\n<\/ul>\n<p>&nbsp;<\/p>\n<\/div>\n<p>Les demandes sont a d\u00e9poser en 4 exemplaires complets \u00e0 la mairie\u00a0(1 pour la mairie, 1 pour le service instructeur Pays Perche Ornais \u00e0 Mortagne au Perche, 1 pour les b\u00e2timents de France et 1 pour la Pr\u00e9fecture d&rsquo;Alen\u00e7on)<\/p>\n<p>Le d\u00e9lai de r\u00e9ponse de l&rsquo;administration est de 2 mois, pensez \u00e0 d\u00e9poser en amont les dossiers en tenant compte de celui-ci.<\/p>\n<h4>Plan cadastral de la commune :<\/h4>\n<p>&nbsp;<\/p>\n<\/div>\n<\/div>\n<p><iframe loading=\"lazy\" style=\"border: 0;\" src=\"https:\/\/www.france-cadastre.fr\/embed?insee=61097\" width=\"100%\" height=\"600\" frameborder=\"0\" allowfullscreen=\"allowfullscreen\"><span style=\"display: inline-block; width: 0px; overflow: hidden; line-height: 0;\" data-mce-type=\"bookmark\" class=\"mce_SELRES_start\">\ufeff<\/span><\/iframe><\/p>\n<p style=\"font-size: 11px; text-align: right;\">Ce plan de <a href=\"https:\/\/france-cadastre.fr\" target=\"_blank\" rel=\"noopener noreferrer\">cadastre<\/a> est \u00e9dit\u00e9 par France Cadastre.<\/p>\n","protected":false},"excerpt":{"rendered":"<p>Autorisations d&rsquo;urbanisme La d\u00e9livrance d&rsquo;une autorisation d&rsquo;urbanisme permet \u00e0 la commune de v\u00e9rifier la conformit\u00e9 des travaux par rapport aux r\u00e8gles d&rsquo;urbanisme. Selon l&rsquo;importance des travaux, il faut d\u00e9poser un permis (permis de construire, d&rsquo;am\u00e9nager&#8230;) ou une d\u00e9claration pr\u00e9alable en mairie. Avant de commencer les travaux, il est recommand\u00e9 de demander un certificat d&rsquo;urbanisme pour &hellip; <\/p>\n<p><a class=\"more-link btn\" href=\"https:\/\/www.chapelle-montligeon.fr\/?page_id=565\">Lire la suite<\/a><\/p>\n","protected":false},"author":5,"featured_media":0,"parent":340,"menu_order":45,"comment_status":"closed","ping_status":"closed","template":"","meta":{"footnotes":""},"class_list":["post-565","page","type-page","status-publish","hentry","nodate","item-wrap"],"_links":{"self":[{"href":"https:\/\/www.chapelle-montligeon.fr\/index.php?rest_route=\/wp\/v2\/pages\/565","targetHints":{"allow":["GET"]}}],"collection":[{"href":"https:\/\/www.chapelle-montligeon.fr\/index.php?rest_route=\/wp\/v2\/pages"}],"about":[{"href":"https:\/\/www.chapelle-montligeon.fr\/index.php?rest_route=\/wp\/v2\/types\/page"}],"author":[{"embeddable":true,"href":"https:\/\/www.chapelle-montligeon.fr\/index.php?rest_route=\/wp\/v2\/users\/5"}],"replies":[{"embeddable":true,"href":"https:\/\/www.chapelle-montligeon.fr\/index.php?rest_route=%2Fwp%2Fv2%2Fcomments&post=565"}],"version-history":[{"count":3,"href":"https:\/\/www.chapelle-montligeon.fr\/index.php?rest_route=\/wp\/v2\/pages\/565\/revisions"}],"predecessor-version":[{"id":2442,"href":"https:\/\/www.chapelle-montligeon.fr\/index.php?rest_route=\/wp\/v2\/pages\/565\/revisions\/2442"}],"up":[{"embeddable":true,"href":"https:\/\/www.chapelle-montligeon.fr\/index.php?rest_route=\/wp\/v2\/pages\/340"}],"wp:attachment":[{"href":"https:\/\/www.chapelle-montligeon.fr\/index.php?rest_route=%2Fwp%2Fv2%2Fmedia&parent=565"}],"curies":[{"name":"wp","href":"https:\/\/api.w.org\/{rel}","templated":true}]}}