{"id":572,"date":"2016-06-21T13:13:36","date_gmt":"2016-06-21T13:13:36","guid":{"rendered":"http:\/\/www.chapelle-montligeon.fr\/?page_id=572"},"modified":"2016-06-21T13:13:36","modified_gmt":"2016-06-21T13:13:36","slug":"bruits-voisinage","status":"publish","type":"page","link":"https:\/\/www.chapelle-montligeon.fr\/?page_id=572","title":{"rendered":"Bruits voisinage"},"content":{"rendered":"<p>R\u00e9glementation des bruits de voisinage<\/p>\n<ul>\n<li>Tout bruit de nature \u00e0 porter atteinte \u00e0 la tranquillit\u00e9 du voisinage ou \u00e0 la sant\u00e9 de l&rsquo;homme, par sa dur\u00e9e, sa r\u00e9p\u00e9tition ou son intensit\u00e9, caus\u00e9 sans n\u00e9cessit\u00e9 ou d\u00fb \u00e0 un d\u00e9faut de pr\u00e9caution est interdit, <span style=\"text-decoration: underline;\">de jour comme de nuit<\/span>.<\/li>\n<li>\u00a0Les travaux de bricolage, de jardinage r\u00e9alis\u00e9s par des particuliers \u00e0 l&rsquo;aide d&rsquo;outils ou d&rsquo;appareils susceptibles de causer une g\u00eane pour le voisinage en raison de leur intensit\u00e9 sonore, telles que tondeuses \u00e0 gazon \u00e0 moteur thermique, tron\u00e7onneuse, perceuses, raboteuses ou scies m\u00e9caniques, ne peuvent \u00eatre effectu\u00e9s que<\/li>\n<\/ul>\n<p>&#8211; les jours ouvrables de 8h30 \u00e0 12h et de 14h \u00e0 19h30<\/p>\n<p>&#8211; les samedis de 9h \u00e0 12h et de 15h \u00e0 19h<\/p>\n<p>&#8211; les dimanches et jours f\u00e9ri\u00e9s de 10h \u00e0 12h.<\/p>\n","protected":false},"excerpt":{"rendered":"<p>R\u00e9glementation des bruits de voisinage Tout bruit de nature \u00e0 porter atteinte \u00e0 la tranquillit\u00e9 du voisinage ou \u00e0 la sant\u00e9 de l&rsquo;homme, par sa dur\u00e9e, sa r\u00e9p\u00e9tition ou son intensit\u00e9, caus\u00e9 sans n\u00e9cessit\u00e9 ou d\u00fb \u00e0 un d\u00e9faut de pr\u00e9caution est interdit, de jour comme de nuit. \u00a0Les travaux de bricolage, de jardinage r\u00e9alis\u00e9s &hellip; <\/p>\n<p><a class=\"more-link btn\" href=\"https:\/\/www.chapelle-montligeon.fr\/?page_id=572\">Lire la suite<\/a><\/p>\n","protected":false},"author":5,"featured_media":573,"parent":494,"menu_order":20,"comment_status":"closed","ping_status":"closed","template":"","meta":{"footnotes":""},"class_list":["post-572","page","type-page","status-publish","has-post-thumbnail","hentry","nodate","item-wrap"],"_links":{"self":[{"href":"https:\/\/www.chapelle-montligeon.fr\/index.php?rest_route=\/wp\/v2\/pages\/572","targetHints":{"allow":["GET"]}}],"collection":[{"href":"https:\/\/www.chapelle-montligeon.fr\/index.php?rest_route=\/wp\/v2\/pages"}],"about":[{"href":"https:\/\/www.chapelle-montligeon.fr\/index.php?rest_route=\/wp\/v2\/types\/page"}],"author":[{"embeddable":true,"href":"https:\/\/www.chapelle-montligeon.fr\/index.php?rest_route=\/wp\/v2\/users\/5"}],"replies":[{"embeddable":true,"href":"https:\/\/www.chapelle-montligeon.fr\/index.php?rest_route=%2Fwp%2Fv2%2Fcomments&post=572"}],"version-history":[{"count":1,"href":"https:\/\/www.chapelle-montligeon.fr\/index.php?rest_route=\/wp\/v2\/pages\/572\/revisions"}],"predecessor-version":[{"id":574,"href":"https:\/\/www.chapelle-montligeon.fr\/index.php?rest_route=\/wp\/v2\/pages\/572\/revisions\/574"}],"up":[{"embeddable":true,"href":"https:\/\/www.chapelle-montligeon.fr\/index.php?rest_route=\/wp\/v2\/pages\/494"}],"wp:featuredmedia":[{"embeddable":true,"href":"https:\/\/www.chapelle-montligeon.fr\/index.php?rest_route=\/wp\/v2\/media\/573"}],"wp:attachment":[{"href":"https:\/\/www.chapelle-montligeon.fr\/index.php?rest_route=%2Fwp%2Fv2%2Fmedia&parent=572"}],"curies":[{"name":"wp","href":"https:\/\/api.w.org\/{rel}","templated":true}]}}