{"id":588,"date":"2016-06-22T06:55:48","date_gmt":"2016-06-22T06:55:48","guid":{"rendered":"http:\/\/www.chapelle-montligeon.fr\/?page_id=588"},"modified":"2016-06-22T06:57:22","modified_gmt":"2016-06-22T06:57:22","slug":"logements","status":"publish","type":"page","link":"https:\/\/www.chapelle-montligeon.fr\/?page_id=588","title":{"rendered":"Logements"},"content":{"rendered":"<h4><strong>Demande de logement locatif<\/strong><\/h4>\n<p>Des appartements \u00e0 la r\u00e9sidence de la for\u00eat sont disponibles \u00e0 la location, si vous \u00eates int\u00e9ress\u00e9s, merci de remplir le document ci-joint : <a href=\"https:\/\/www.chapelle-montligeon.fr\/wp-content\/uploads\/Logements-sociaux-demande.pdf\">Logements\u00a0demande,<\/a> accompagn\u00e9 des pi\u00e8ces justificatives suivantes :<\/p>\n<ul>\n<li>livret de famille ou carte d&rsquo;identit\u00e9<\/li>\n<li>3 derniers bulletins de salaire ou de pension ou d&rsquo;allocation ch\u00f4mage<\/li>\n<li>les 2 derniers avis d&rsquo;imposition sur le revenu ou de non imposition<\/li>\n<li>contrat de travail ou certificat d&#8217;embauche<\/li>\n<li>dernier d\u00e9compte des prestations familiales CAF ou MSA<\/li>\n<li>notification CAF pour les b\u00e9n\u00e9ficiaires du RSA<\/li>\n<li>3 derni\u00e8res quittances de loyers<\/li>\n<\/ul>\n<p>&nbsp;<\/p>\n<p>Sur la commune il existe aussi des logements sociaux, g\u00e9r\u00e9s par Orne Habitat et le Logis Familial, un dossier est \u00e0 d\u00e9poser directement aupr\u00e8s de leurs services.<\/p>\n<p><a href=\"https:\/\/www.chapelle-montligeon.fr\/wp-content\/uploads\/20160622084839.pdf\">Plaquette<\/a> ma demande de logement dans l&rsquo;Orne et rendez-vous sur <a href=\"http:\/\/www.demandelogement61.fr\/imhowebGP61\/\">http:\/\/www.demandelogement61.fr\/imhowebGP61\/<\/a><\/p>\n","protected":false},"excerpt":{"rendered":"<p>Demande de logement locatif Des appartements \u00e0 la r\u00e9sidence de la for\u00eat sont disponibles \u00e0 la location, si vous \u00eates int\u00e9ress\u00e9s, merci de remplir le document ci-joint : Logements\u00a0demande, accompagn\u00e9 des pi\u00e8ces justificatives suivantes : livret de famille ou carte d&rsquo;identit\u00e9 3 derniers bulletins de salaire ou de pension ou d&rsquo;allocation ch\u00f4mage les 2 derniers &hellip; <\/p>\n<p><a class=\"more-link btn\" href=\"https:\/\/www.chapelle-montligeon.fr\/?page_id=588\">Lire la suite<\/a><\/p>\n","protected":false},"author":5,"featured_media":591,"parent":340,"menu_order":52,"comment_status":"closed","ping_status":"closed","template":"","meta":{"footnotes":""},"class_list":["post-588","page","type-page","status-publish","has-post-thumbnail","hentry","nodate","item-wrap"],"_links":{"self":[{"href":"https:\/\/www.chapelle-montligeon.fr\/index.php?rest_route=\/wp\/v2\/pages\/588","targetHints":{"allow":["GET"]}}],"collection":[{"href":"https:\/\/www.chapelle-montligeon.fr\/index.php?rest_route=\/wp\/v2\/pages"}],"about":[{"href":"https:\/\/www.chapelle-montligeon.fr\/index.php?rest_route=\/wp\/v2\/types\/page"}],"author":[{"embeddable":true,"href":"https:\/\/www.chapelle-montligeon.fr\/index.php?rest_route=\/wp\/v2\/users\/5"}],"replies":[{"embeddable":true,"href":"https:\/\/www.chapelle-montligeon.fr\/index.php?rest_route=%2Fwp%2Fv2%2Fcomments&post=588"}],"version-history":[{"count":2,"href":"https:\/\/www.chapelle-montligeon.fr\/index.php?rest_route=\/wp\/v2\/pages\/588\/revisions"}],"predecessor-version":[{"id":593,"href":"https:\/\/www.chapelle-montligeon.fr\/index.php?rest_route=\/wp\/v2\/pages\/588\/revisions\/593"}],"up":[{"embeddable":true,"href":"https:\/\/www.chapelle-montligeon.fr\/index.php?rest_route=\/wp\/v2\/pages\/340"}],"wp:featuredmedia":[{"embeddable":true,"href":"https:\/\/www.chapelle-montligeon.fr\/index.php?rest_route=\/wp\/v2\/media\/591"}],"wp:attachment":[{"href":"https:\/\/www.chapelle-montligeon.fr\/index.php?rest_route=%2Fwp%2Fv2%2Fmedia&parent=588"}],"curies":[{"name":"wp","href":"https:\/\/api.w.org\/{rel}","templated":true}]}}