{"id":594,"date":"2016-06-22T07:09:08","date_gmt":"2016-06-22T07:09:08","guid":{"rendered":"http:\/\/www.chapelle-montligeon.fr\/?page_id=594"},"modified":"2016-06-22T07:09:08","modified_gmt":"2016-06-22T07:09:08","slug":"commune-propre","status":"publish","type":"page","link":"https:\/\/www.chapelle-montligeon.fr\/?page_id=594","title":{"rendered":"Commune propre"},"content":{"rendered":"<h4><strong>Gardons notre commune propre<\/strong><\/h4>\n<p>Nous avons la chance d\u2019avoir une commune avec des espaces verts\u00a0 pour se promener, profiter du beau temps, sortir avec ses animaux domestiques. L\u2019entretien de ces espaces verts est confi\u00e9 \u00e0 nos employ\u00e9s communaux mais n\u00e9cessite \u00e9galement une implication de tous. Il est en effet fr\u00e9quent de retrouver d\u00e9tritus et d\u00e9jections canines\u00a0 alors qu\u2019il suffirait de se munir d\u2019un petit sac plastique que l\u2019on jetterai dans une poubelle pr\u00e9vue \u00e0 cet effet en cours de promenade pour garder notre commune propre.<\/p>\n<p><img loading=\"lazy\" decoding=\"async\" class=\"aligncenter\" src=\"http:\/\/www.saint-mard-de-reno.fr\/cities\/827\/images\/comt8g3ykslt.jpg\" alt=\"\" width=\"127\" height=\"159\" \/><\/p>\n<p>&nbsp;<\/p>\n","protected":false},"excerpt":{"rendered":"<p>Gardons notre commune propre Nous avons la chance d\u2019avoir une commune avec des espaces verts\u00a0 pour se promener, profiter du beau temps, sortir avec ses animaux domestiques. L\u2019entretien de ces espaces verts est confi\u00e9 \u00e0 nos employ\u00e9s communaux mais n\u00e9cessite \u00e9galement une implication de tous. Il est en effet fr\u00e9quent de retrouver d\u00e9tritus et d\u00e9jections &hellip; <\/p>\n<p><a class=\"more-link btn\" href=\"https:\/\/www.chapelle-montligeon.fr\/?page_id=594\">Lire la suite<\/a><\/p>\n","protected":false},"author":5,"featured_media":595,"parent":494,"menu_order":30,"comment_status":"closed","ping_status":"closed","template":"","meta":{"footnotes":""},"class_list":["post-594","page","type-page","status-publish","has-post-thumbnail","hentry","nodate","item-wrap"],"_links":{"self":[{"href":"https:\/\/www.chapelle-montligeon.fr\/index.php?rest_route=\/wp\/v2\/pages\/594","targetHints":{"allow":["GET"]}}],"collection":[{"href":"https:\/\/www.chapelle-montligeon.fr\/index.php?rest_route=\/wp\/v2\/pages"}],"about":[{"href":"https:\/\/www.chapelle-montligeon.fr\/index.php?rest_route=\/wp\/v2\/types\/page"}],"author":[{"embeddable":true,"href":"https:\/\/www.chapelle-montligeon.fr\/index.php?rest_route=\/wp\/v2\/users\/5"}],"replies":[{"embeddable":true,"href":"https:\/\/www.chapelle-montligeon.fr\/index.php?rest_route=%2Fwp%2Fv2%2Fcomments&post=594"}],"version-history":[{"count":1,"href":"https:\/\/www.chapelle-montligeon.fr\/index.php?rest_route=\/wp\/v2\/pages\/594\/revisions"}],"predecessor-version":[{"id":596,"href":"https:\/\/www.chapelle-montligeon.fr\/index.php?rest_route=\/wp\/v2\/pages\/594\/revisions\/596"}],"up":[{"embeddable":true,"href":"https:\/\/www.chapelle-montligeon.fr\/index.php?rest_route=\/wp\/v2\/pages\/494"}],"wp:featuredmedia":[{"embeddable":true,"href":"https:\/\/www.chapelle-montligeon.fr\/index.php?rest_route=\/wp\/v2\/media\/595"}],"wp:attachment":[{"href":"https:\/\/www.chapelle-montligeon.fr\/index.php?rest_route=%2Fwp%2Fv2%2Fmedia&parent=594"}],"curies":[{"name":"wp","href":"https:\/\/api.w.org\/{rel}","templated":true}]}}