{"id":604,"date":"2016-06-22T09:30:22","date_gmt":"2016-06-22T09:30:22","guid":{"rendered":"http:\/\/www.chapelle-montligeon.fr\/?page_id=604"},"modified":"2016-06-30T12:31:41","modified_gmt":"2016-06-30T12:31:41","slug":"la-basilique","status":"publish","type":"page","link":"https:\/\/www.chapelle-montligeon.fr\/?page_id=604","title":{"rendered":"La Basilique"},"content":{"rendered":"<h3><img loading=\"lazy\" decoding=\"async\" class=\"size-medium wp-image-687 aligncenter\" src=\"https:\/\/www.chapelle-montligeon.fr\/wp-content\/uploads\/P1050811-300x225.jpg\" alt=\"P1050811\" width=\"300\" height=\"225\" \/><\/h3>\n<h3 style=\"text-align: center;\">La Basilique Notre- Dame de Montligeon<\/h3>\n<p><em>Haut-Lieu spirituel international (ouvert au public tous les jours, toute l&rsquo;ann\u00e9e)<\/em><\/p>\n<p>La Basilique Notre-Dame de Montligeon, chef d&rsquo;\u0153uvre de l&rsquo;art n\u00e9ogothique, a \u00e9t\u00e9 construite de 1894 \u00e0 1911 sous l&rsquo;impulsion de l&rsquo;abb\u00e9 Buguet, cur\u00e9 de la paroisse. Elle fut \u00e9difi\u00e9e pour accueillir des milliers de membres de la confr\u00e9rie internationale de pri\u00e8re qu&rsquo;il fonda en 1884. Cette confr\u00e9rie, toujours tr\u00e8s active, est implant\u00e9e sur les cinq continents. Chaque ann\u00e9e des dizaines de milliers de p\u00e8lerins viennent en ce lieu d\u00e9di\u00e9 \u00e0 la pri\u00e8re pour les d\u00e9funts.<\/p>\n<p><a href=\"http:\/\/montligeon.org\/fr\/\">http:\/\/montligeon.org\/fr\/<\/a><\/p>\n","protected":false},"excerpt":{"rendered":"<p>La Basilique Notre- Dame de Montligeon Haut-Lieu spirituel international (ouvert au public tous les jours, toute l&rsquo;ann\u00e9e) La Basilique Notre-Dame de Montligeon, chef d&rsquo;\u0153uvre de l&rsquo;art n\u00e9ogothique, a \u00e9t\u00e9 construite de 1894 \u00e0 1911 sous l&rsquo;impulsion de l&rsquo;abb\u00e9 Buguet, cur\u00e9 de la paroisse. Elle fut \u00e9difi\u00e9e pour accueillir des milliers de membres de la confr\u00e9rie &hellip; <\/p>\n<p><a class=\"more-link btn\" href=\"https:\/\/www.chapelle-montligeon.fr\/?page_id=604\">Lire la suite<\/a><\/p>\n","protected":false},"author":5,"featured_media":605,"parent":344,"menu_order":90,"comment_status":"closed","ping_status":"closed","template":"","meta":{"footnotes":""},"class_list":["post-604","page","type-page","status-publish","has-post-thumbnail","hentry","nodate","item-wrap"],"_links":{"self":[{"href":"https:\/\/www.chapelle-montligeon.fr\/index.php?rest_route=\/wp\/v2\/pages\/604","targetHints":{"allow":["GET"]}}],"collection":[{"href":"https:\/\/www.chapelle-montligeon.fr\/index.php?rest_route=\/wp\/v2\/pages"}],"about":[{"href":"https:\/\/www.chapelle-montligeon.fr\/index.php?rest_route=\/wp\/v2\/types\/page"}],"author":[{"embeddable":true,"href":"https:\/\/www.chapelle-montligeon.fr\/index.php?rest_route=\/wp\/v2\/users\/5"}],"replies":[{"embeddable":true,"href":"https:\/\/www.chapelle-montligeon.fr\/index.php?rest_route=%2Fwp%2Fv2%2Fcomments&post=604"}],"version-history":[{"count":3,"href":"https:\/\/www.chapelle-montligeon.fr\/index.php?rest_route=\/wp\/v2\/pages\/604\/revisions"}],"predecessor-version":[{"id":689,"href":"https:\/\/www.chapelle-montligeon.fr\/index.php?rest_route=\/wp\/v2\/pages\/604\/revisions\/689"}],"up":[{"embeddable":true,"href":"https:\/\/www.chapelle-montligeon.fr\/index.php?rest_route=\/wp\/v2\/pages\/344"}],"wp:featuredmedia":[{"embeddable":true,"href":"https:\/\/www.chapelle-montligeon.fr\/index.php?rest_route=\/wp\/v2\/media\/605"}],"wp:attachment":[{"href":"https:\/\/www.chapelle-montligeon.fr\/index.php?rest_route=%2Fwp%2Fv2%2Fmedia&parent=604"}],"curies":[{"name":"wp","href":"https:\/\/api.w.org\/{rel}","templated":true}]}}