{"id":672,"date":"2016-06-30T11:34:56","date_gmt":"2016-06-30T11:34:56","guid":{"rendered":"http:\/\/www.chapelle-montligeon.fr\/?page_id=672"},"modified":"2024-02-28T14:11:17","modified_gmt":"2024-02-28T13:11:17","slug":"hotel-le-montligeon","status":"publish","type":"page","link":"https:\/\/www.chapelle-montligeon.fr\/?page_id=672","title":{"rendered":"H\u00f4tel Le Montligeon"},"content":{"rendered":"<p><i><span style=\"font-family: Arial; font-size: small;\"><img loading=\"lazy\" decoding=\"async\" class=\" wp-image-679 alignleft\" src=\"https:\/\/www.chapelle-montligeon.fr\/wp-content\/uploads\/hotel4vignette.jpg\" alt=\"hotel4vignette\" width=\"167\" height=\"125\" \/><\/span><\/i><\/p>\n<p>&nbsp;<\/p>\n<p><strong><span style=\"font-family: Arial; font-size: small;\">Capacit\u00e9 : 6 chambres \u00e0 partir de 83 \u20ac selon les commodit\u00e9s, toutes pourvues de la t\u00e9l\u00e9vision avec Canal+ et d&rsquo;une connection internet gratuite.<\/span><\/strong><\/p>\n<p>Pour plus de renseignement : <a href=\"https:\/\/www.hotelmontligeon.fr\/\"><u><span style=\"color: #0066cc;\">cliquez ici<\/span><\/u><\/a><\/p>\n","protected":false},"excerpt":{"rendered":"<p>&nbsp; Capacit\u00e9 : 6 chambres \u00e0 partir de 83 \u20ac selon les commodit\u00e9s, toutes pourvues de la t\u00e9l\u00e9vision avec Canal+ et d&rsquo;une connection internet gratuite. Pour plus de renseignement : cliquez ici<\/p>\n","protected":false},"author":5,"featured_media":673,"parent":20,"menu_order":1000,"comment_status":"closed","ping_status":"closed","template":"","meta":{"footnotes":""},"class_list":["post-672","page","type-page","status-publish","has-post-thumbnail","hentry","nodate","item-wrap"],"_links":{"self":[{"href":"https:\/\/www.chapelle-montligeon.fr\/index.php?rest_route=\/wp\/v2\/pages\/672","targetHints":{"allow":["GET"]}}],"collection":[{"href":"https:\/\/www.chapelle-montligeon.fr\/index.php?rest_route=\/wp\/v2\/pages"}],"about":[{"href":"https:\/\/www.chapelle-montligeon.fr\/index.php?rest_route=\/wp\/v2\/types\/page"}],"author":[{"embeddable":true,"href":"https:\/\/www.chapelle-montligeon.fr\/index.php?rest_route=\/wp\/v2\/users\/5"}],"replies":[{"embeddable":true,"href":"https:\/\/www.chapelle-montligeon.fr\/index.php?rest_route=%2Fwp%2Fv2%2Fcomments&post=672"}],"version-history":[{"count":6,"href":"https:\/\/www.chapelle-montligeon.fr\/index.php?rest_route=\/wp\/v2\/pages\/672\/revisions"}],"predecessor-version":[{"id":3121,"href":"https:\/\/www.chapelle-montligeon.fr\/index.php?rest_route=\/wp\/v2\/pages\/672\/revisions\/3121"}],"up":[{"embeddable":true,"href":"https:\/\/www.chapelle-montligeon.fr\/index.php?rest_route=\/wp\/v2\/pages\/20"}],"wp:featuredmedia":[{"embeddable":true,"href":"https:\/\/www.chapelle-montligeon.fr\/index.php?rest_route=\/wp\/v2\/media\/673"}],"wp:attachment":[{"href":"https:\/\/www.chapelle-montligeon.fr\/index.php?rest_route=%2Fwp%2Fv2%2Fmedia&parent=672"}],"curies":[{"name":"wp","href":"https:\/\/api.w.org\/{rel}","templated":true}]}}