{"id":690,"date":"2016-06-30T12:34:26","date_gmt":"2016-06-30T12:34:26","guid":{"rendered":"http:\/\/www.chapelle-montligeon.fr\/?page_id=690"},"modified":"2016-06-30T12:34:26","modified_gmt":"2016-06-30T12:34:26","slug":"maison-du-parc","status":"publish","type":"page","link":"https:\/\/www.chapelle-montligeon.fr\/?page_id=690","title":{"rendered":"Maison du Parc"},"content":{"rendered":"<p><img loading=\"lazy\" decoding=\"async\" class=\"size-medium wp-image-691 aligncenter\" src=\"https:\/\/www.chapelle-montligeon.fr\/wp-content\/uploads\/maison_du_pnrp2-300x161.jpg\" alt=\"maison_du_pnrp2\" width=\"300\" height=\"161\" \/><\/p>\n<p>Faites une pause c\u00f4t\u00e9 nature et patrimoine ! La Maison du Parc au manoir de Courboyer, au sein de son domaine de 65 hectares ouvert \u00e0 la\u00a0promenade, est votre porte d\u2019entr\u00e9e privil\u00e9gi\u00e9e dans le Perche. Expositions, sentiers de d\u00e9couverte et animations vous offrent les cl\u00e9s de compr\u00e9hension\u00a0du territoire. Partez ensuite \u00e0 la d\u00e9couverte du Perche gr\u00e2ce au centre d\u2019information touristique.<\/p>\n<p>Pour plus de renseignements : <a href=\"http:\/\/www.parc-naturel-perche.fr\/le-parc-en-action\/bienvenue-la-maison-du-parc\">cliquez ici<\/a><\/p>\n","protected":false},"excerpt":{"rendered":"<p>Faites une pause c\u00f4t\u00e9 nature et patrimoine ! La Maison du Parc au manoir de Courboyer, au sein de son domaine de 65 hectares ouvert \u00e0 la\u00a0promenade, est votre porte d\u2019entr\u00e9e privil\u00e9gi\u00e9e dans le Perche. Expositions, sentiers de d\u00e9couverte et animations vous offrent les cl\u00e9s de compr\u00e9hension\u00a0du territoire. Partez ensuite \u00e0 la d\u00e9couverte du Perche &hellip; <\/p>\n<p><a class=\"more-link btn\" href=\"https:\/\/www.chapelle-montligeon.fr\/?page_id=690\">Lire la suite<\/a><\/p>\n","protected":false},"author":5,"featured_media":0,"parent":344,"menu_order":99,"comment_status":"closed","ping_status":"closed","template":"","meta":{"footnotes":""},"class_list":["post-690","page","type-page","status-publish","hentry","nodate","item-wrap"],"_links":{"self":[{"href":"https:\/\/www.chapelle-montligeon.fr\/index.php?rest_route=\/wp\/v2\/pages\/690","targetHints":{"allow":["GET"]}}],"collection":[{"href":"https:\/\/www.chapelle-montligeon.fr\/index.php?rest_route=\/wp\/v2\/pages"}],"about":[{"href":"https:\/\/www.chapelle-montligeon.fr\/index.php?rest_route=\/wp\/v2\/types\/page"}],"author":[{"embeddable":true,"href":"https:\/\/www.chapelle-montligeon.fr\/index.php?rest_route=\/wp\/v2\/users\/5"}],"replies":[{"embeddable":true,"href":"https:\/\/www.chapelle-montligeon.fr\/index.php?rest_route=%2Fwp%2Fv2%2Fcomments&post=690"}],"version-history":[{"count":1,"href":"https:\/\/www.chapelle-montligeon.fr\/index.php?rest_route=\/wp\/v2\/pages\/690\/revisions"}],"predecessor-version":[{"id":692,"href":"https:\/\/www.chapelle-montligeon.fr\/index.php?rest_route=\/wp\/v2\/pages\/690\/revisions\/692"}],"up":[{"embeddable":true,"href":"https:\/\/www.chapelle-montligeon.fr\/index.php?rest_route=\/wp\/v2\/pages\/344"}],"wp:attachment":[{"href":"https:\/\/www.chapelle-montligeon.fr\/index.php?rest_route=%2Fwp%2Fv2%2Fmedia&parent=690"}],"curies":[{"name":"wp","href":"https:\/\/api.w.org\/{rel}","templated":true}]}}